{"id":957,"date":"2018-03-07T18:45:22","date_gmt":"2018-03-07T18:45:22","guid":{"rendered":"http:\/\/www.hecultura.com\/primerafuncion\/?page_id=957"},"modified":"2018-03-08T15:44:24","modified_gmt":"2018-03-08T15:44:24","slug":"antes-de-la-funcion","status":"publish","type":"page","link":"https:\/\/www.lacasaclaypole.org.ar\/primerafuncion\/antes-de-la-funcion\/","title":{"rendered":"Antes de la funci\u00f3n"},"content":{"rendered":"<p>[et_pb_section bb_built=\u00bb1&#8243; admin_label=\u00bbsection\u00bb background_color=\u00bb#383838&#8243; custom_padding_last_edited=\u00bbon|desktop\u00bb _builder_version=\u00bb3.0.47&#8243; custom_padding_tablet=\u00bb50px|0|50px|0&#8243; transparent_background=\u00bboff\u00bb padding_mobile=\u00bboff\u00bb][et_pb_row admin_label=\u00bbrow\u00bb _builder_version=\u00bb3.0.47&#8243; background_size=\u00bbinitial\u00bb background_position=\u00bbtop_left\u00bb background_repeat=\u00bbrepeat\u00bb][et_pb_column type=\u00bb1_3&#8243;][et_pb_gallery gallery_ids=\u00bb889,888,886,885,884&#8243; gallery_captions=\u00bb,,,,\u00bb fullwidth=\u00bbon\u00bb _builder_version=\u00bb3.0.105&#8243; auto=\u00bbon\u00bb use_border_color=\u00bboff\u00bb border_color=\u00bb#ffffff\u00bb border_style=\u00bbsolid\u00bb \/][\/et_pb_column][et_pb_column type=\u00bb2_3&#8243;][et_pb_text background_layout=\u00bbdark\u00bb _builder_version=\u00bb3.0.105&#8243; text_font=\u00bbArial||||\u00bb background_size=\u00bbinitial\u00bb background_position=\u00bbtop_left\u00bb background_repeat=\u00bbrepeat\u00bb use_border_color=\u00bboff\u00bb text_line_height=\u00bb1.5em\u00bb text_orientation=\u00bbjustified\u00bb]<\/p>\n<h2>ALGUNAS CUESTIONES GENERALES<\/h2>\n<p>Es importante estimular a los alumnos sobre las \u201cceremonias\u201d de una funci\u00f3n de teatro y su por qu\u00e9, antes de su participaci\u00f3n en el programa.<\/p>\n<p>&nbsp;<\/p>\n<h4>\u00bfEL SILENCIO ES SALUD?<\/h4>\n<p>En la Navidad de 1974, con la excusa de una campa\u00f1a contra los ruidos molestos, Jos\u00e9 Lopez Rega, a la saz\u00f3n hombre fuerte del gobierno de Isabelita, sentenci\u00f3 las opiniones de disidentes, periodistas, artistas, intelectuales, obreros y dirigentes pol\u00edticos que osaran denunciar al terrorismo de Estado que instalaba la Triple A, con esa nefasta frase, como una previa de lo que vendr\u00eda a partir del 24 de marzo del 76.<\/p>\n<p>En un ambiente que fomenta la libertad y la creatividad \u00bfes un contrasentido pedir silencio? El silencio no es salud, pero durante una funci\u00f3n es fundamentalmente una cuesti\u00f3n de solidaridad con los artistas y con los dem\u00e1s asistentes. Para que todos puedan disfrutar de la propuesta art\u00edstica, es esencial enfocarse en lo que pasa en el escenario e intentar guardar todas las ganas de comentar para despu\u00e9s de la funci\u00f3n, cuando se abre a debate y se pueden intercambiar opiniones con artistas, directores y otros compa\u00f1eros.<\/p>\n<p>&nbsp;<\/p>\n<h4>EL CELULAR\u2026 \u00a1AY EL CELULAR!<\/h4>\n<p>\u00a1Celulares apagados! Siempre \u00bfSe puede dejar en modo silencioso? No solo el <em>ringtone<\/em> de un celular distrae a todos entre tanto silencio, sino que tambi\u00e9n la luz de la pantalla entre tanta oscuridad molesta a quien tenemos cerca y adem\u00e1s es un factor de desconcentraci\u00f3n para los artistas, que lo perciben claramente desde el escenario.<\/p>\n<p>En el caso de los espectadores cercanos a los equipos de sonido, aun m\u00e1s con el uso de micr\u00f3fonos inal\u00e1mbricos, el celular interfiere en el buen desempe\u00f1o de los mismos.<\/p>\n<p>Tambi\u00e9n pap\u00e1s, docentes y acompa\u00f1antes\u2026 \u00a1todos juntos podemos disfrutar mejor de una funci\u00f3n de teatro!<\/p>\n<p>&nbsp;<\/p>\n<h4>EN CASO DE ALGUNA EMERGENCIA O MALESTAR<\/h4>\n<p>La sala cuenta con todas las habilitaciones en regla, tres puertas de emergenicas con barrales antip\u00e1nico, matafuegos, seguros para espectadores y emergencias m\u00e9dicas. Hace poco hemos incorporado un desfibrilador, gracias a un convenio con el Instituto Nacional de la M\u00fasica INAMU y realizado las correspondientes capacitaciones. Siempre hay alguien cerca que est\u00e1 entrenado para responder ante una emergencia. Sigamos las orientaciones del personal de la sala.<\/p>\n<p><strong>\u00a0<\/strong><\/p>\n<h4>POCHOCLOS Y GASEOSAS \u00bfUN CL\u00c1SICO DEL CINE?<\/h4>\n<p>Por ultimo, pero no por eso menos importante, la recomendaci\u00f3n de no consumir alimentos ni bebidas en \u00a0la sala. \u00a1En particular chicle! que fue declarado el enemigo numero uno de la alfombra.<\/p>\n<p>El espacio es totalmente independiente y se mantiene con el esfuerzo de algunos vecinos y artistas del barrio. Respetar el trabajo de quienes mantienen el lugar en optimas condiciones es tambi\u00e9n una cuesti\u00f3n de solidaridad. De esta forma, adem\u00e1s, los compa\u00f1eros que vienen para la pr\u00f3xima funci\u00f3n pueden disfrutar de la sala en las mismas condiciones.<\/p>\n<p>Ahora si, que se enciendan las luces. \u00a1Vamos a disfrutar de la funci\u00f3n!<\/p>\n<p>[\/et_pb_text][\/et_pb_column][\/et_pb_row][\/et_pb_section]<\/p>\n","protected":false},"excerpt":{"rendered":"<p>[et_pb_section bb_built=\u00bb1&#8243; admin_label=\u00bbsection\u00bb background_color=\u00bb#383838&#8243; custom_padding_last_edited=\u00bbon|desktop\u00bb _builder_version=\u00bb3.0.47&#8243; custom_padding_tablet=\u00bb50px|0|50px|0&#8243; transparent_background=\u00bboff\u00bb padding_mobile=\u00bboff\u00bb][et_pb_row admin_label=\u00bbrow\u00bb _builder_version=\u00bb3.0.47&#8243; background_size=\u00bbinitial\u00bb background_position=\u00bbtop_left\u00bb background_repeat=\u00bbrepeat\u00bb][et_pb_column type=\u00bb1_3&#8243;][et_pb_gallery gallery_ids=\u00bb889,888,886,885,884&#8243; gallery_captions=\u00bb,,,,\u00bb fullwidth=\u00bbon\u00bb _builder_version=\u00bb3.0.105&#8243; auto=\u00bbon\u00bb use_border_color=\u00bboff\u00bb border_color=\u00bb#ffffff\u00bb border_style=\u00bbsolid\u00bb \/][\/et_pb_column][et_pb_column type=\u00bb2_3&#8243;][et_pb_text background_layout=\u00bbdark\u00bb _builder_version=\u00bb3.0.105&#8243; text_font=\u00bbArial||||\u00bb background_size=\u00bbinitial\u00bb background_position=\u00bbtop_left\u00bb background_repeat=\u00bbrepeat\u00bb use_border_color=\u00bboff\u00bb text_line_height=\u00bb1.5em\u00bb text_orientation=\u00bbjustified\u00bb] ALGUNAS CUESTIONES GENERALES Es importante estimular a los alumnos sobre las \u201cceremonias\u201d de una funci\u00f3n de teatro y su por qu\u00e9, [&hellip;]<\/p>\n","protected":false},"author":1,"featured_media":0,"parent":0,"menu_order":0,"comment_status":"closed","ping_status":"closed","template":"","meta":[],"_links":{"self":[{"href":"https:\/\/www.lacasaclaypole.org.ar\/primerafuncion\/wp-json\/wp\/v2\/pages\/957"}],"collection":[{"href":"https:\/\/www.lacasaclaypole.org.ar\/primerafuncion\/wp-json\/wp\/v2\/pages"}],"about":[{"href":"https:\/\/www.lacasaclaypole.org.ar\/primerafuncion\/wp-json\/wp\/v2\/types\/page"}],"author":[{"embeddable":true,"href":"https:\/\/www.lacasaclaypole.org.ar\/primerafuncion\/wp-json\/wp\/v2\/users\/1"}],"replies":[{"embeddable":true,"href":"https:\/\/www.lacasaclaypole.org.ar\/primerafuncion\/wp-json\/wp\/v2\/comments?post=957"}],"version-history":[{"count":5,"href":"https:\/\/www.lacasaclaypole.org.ar\/primerafuncion\/wp-json\/wp\/v2\/pages\/957\/revisions"}],"predecessor-version":[{"id":1009,"href":"https:\/\/www.lacasaclaypole.org.ar\/primerafuncion\/wp-json\/wp\/v2\/pages\/957\/revisions\/1009"}],"wp:attachment":[{"href":"https:\/\/www.lacasaclaypole.org.ar\/primerafuncion\/wp-json\/wp\/v2\/media?parent=957"}],"curies":[{"name":"wp","href":"https:\/\/api.w.org\/{rel}","templated":true}]}}