{"id":909,"date":"2018-03-06T18:43:55","date_gmt":"2018-03-06T18:43:55","guid":{"rendered":"http:\/\/www.hecultura.com\/primerafuncion\/?page_id=909"},"modified":"2018-04-12T14:06:50","modified_gmt":"2018-04-12T14:06:50","slug":"pequenos-gigantes","status":"publish","type":"page","link":"https:\/\/www.lacasaclaypole.org.ar\/primerafuncion\/pequenos-gigantes\/","title":{"rendered":"PEQUE\u00d1OS GIGANTES"},"content":{"rendered":"<p>[et_pb_section bb_built=\u00bb1&#8243; admin_label=\u00bbsection\u00bb transparent_background=\u00bboff\u00bb background_color=\u00bb#383838&#8243; allow_player_pause=\u00bboff\u00bb inner_shadow=\u00bboff\u00bb parallax=\u00bboff\u00bb parallax_method=\u00bboff\u00bb padding_mobile=\u00bboff\u00bb make_fullwidth=\u00bboff\u00bb use_custom_width=\u00bboff\u00bb width_unit=\u00bbon\u00bb make_equal=\u00bboff\u00bb use_custom_gutter=\u00bboff\u00bb custom_padding_tablet=\u00bb50px|0|50px|0&#8243; custom_padding_last_edited=\u00bbon|desktop\u00bb][et_pb_row admin_label=\u00bbrow\u00bb background_position=\u00bbtop_left\u00bb background_repeat=\u00bbrepeat\u00bb background_size=\u00bbinitial\u00bb][et_pb_column type=\u00bb1_3&#8243;][\/et_pb_column][et_pb_column type=\u00bb2_3&#8243;][et_pb_text background_layout=\u00bbdark\u00bb text_orientation=\u00bbright\u00bb use_border_color=\u00bboff\u00bb background_position=\u00bbtop_left\u00bb background_repeat=\u00bbrepeat\u00bb background_size=\u00bbinitial\u00bb module_alignment=\u00bbcenter\u00bb _builder_version=\u00bb3.0.105&#8243; text_font_size=\u00bb14px\u00bb text_line_height=\u00bb1.5em\u00bb]<\/p>\n<p style=\"text-align: right;\">La verdadera\u00a0patria\u00a0del hombre es la\u00a0infancia.<br \/>\n<strong>Rainer Maria Rilke<\/strong><\/p>\n<p>[\/et_pb_text][\/et_pb_column][\/et_pb_row][et_pb_row admin_label=\u00bbrow\u00bb background_position=\u00bbtop_left\u00bb background_repeat=\u00bbrepeat\u00bb background_size=\u00bbinitial\u00bb][et_pb_column type=\u00bb1_4&#8243;][\/et_pb_column][et_pb_column type=\u00bb1_2&#8243;][et_pb_video _builder_version=\u00bb3.0.105&#8243; src=\u00bbhttps:\/\/www.youtube.com\/watch?v=zLa_AE33DhU\u00bb \/][\/et_pb_column][et_pb_column type=\u00bb1_4&#8243;][\/et_pb_column][\/et_pb_row][et_pb_row background_position=\u00bbtop_left\u00bb background_repeat=\u00bbrepeat\u00bb background_size=\u00bbinitial\u00bb][et_pb_column type=\u00bb4_4&#8243;][et_pb_toggle admin_label=\u00bb1. ELEMENTOS B\u00c1SICOS DE ORIENTACI\u00d3N\u00bb title=\u00bb1. ELEMENTOS B\u00c1SICOS DE ORIENTACI\u00d3N\u00bb open=\u00bboff\u00bb use_border_color=\u00bboff\u00bb title_font_size=\u00bb30&#8243; background_position=\u00bbtop_left\u00bb background_repeat=\u00bbrepeat\u00bb background_size=\u00bbinitial\u00bb _builder_version=\u00bb3.0.105&#8243; text_orientation=\u00bbjustified\u00bb body_line_height=\u00bb1.5em\u00bb]<\/p>\n<p><strong>T\u00edtulo<\/strong>: GIGANTES PEQUE\u00d1OS<\/p>\n<p><strong>G\u00e9nero<\/strong>: Infantil<\/p>\n<p><strong>Autor<\/strong>: An\u00edbal Dinaro<\/p>\n<p><strong>Direcci\u00f3n<\/strong>: An\u00edbal Dinaro<\/p>\n<p><strong>Compa\u00f1\u00eda<\/strong>: Compa\u00f1\u00eda de Teatro Super\u00c1<\/p>\n<p><strong>Sinopsis<\/strong>:<\/p>\n<p>Tres amigos se re\u00fanen todos los d\u00edas despu\u00e9s del colegio en la casa de los abuelos de uno de los personajes. A lo largo de la obra se ir\u00e1n develando sus temores, sus sue\u00f1os y el v\u00ednculo con sus padres, conducida a trav\u00e9s de diversos juegos cl\u00e1sicos y canciones originales. Cada personaje superar\u00e1 los obst\u00e1culos apoy\u00e1ndose en la amistad y en el sentido l\u00fadico.<\/p>\n<p><strong>Publico Sugerido<\/strong>: Educaci\u00f3n Primaria (\u00faltimos a\u00f1os).<\/p>\n<p>[\/et_pb_toggle][et_pb_toggle admin_label=\u00bb2. MATERIAL SUGERIDO PARA EL TRABAJO PREVIO A LA VISITA\u00bb title=\u00bb2. MATERIAL SUGERIDO PARA EL TRABAJO PREVIO A LA FUNCI\u00d3N\u00bb open=\u00bboff\u00bb use_border_color=\u00bboff\u00bb title_font_size=\u00bb30&#8243; background_position=\u00bbtop_left\u00bb background_repeat=\u00bbrepeat\u00bb background_size=\u00bbinitial\u00bb _builder_version=\u00bb3.0.105&#8243; text_orientation=\u00bbjustified\u00bb body_line_height=\u00bb1.5em\u00bb]<\/p>\n<p>Investigar sobre juegos populares en Argentina. Trabajar en grupos dividi\u00e9ndose los juegos. Confeccionar l\u00e1minas con dibujos y un resumen de las reglas.<\/p>\n<p>[\/et_pb_toggle][et_pb_toggle admin_label=\u00bb3. ACTIVIDADES SUGERIDAS PARA DESPU\u00c9S DE LA VISITA\u00bb title=\u00bb3. ACTIVIDADES SUGERIDAS PARA DESPU\u00c9S DE LA FUNCI\u00d3N\u00bb open=\u00bboff\u00bb use_border_color=\u00bboff\u00bb title_font_size=\u00bb30&#8243; background_position=\u00bbtop_left\u00bb background_repeat=\u00bbrepeat\u00bb background_size=\u00bbinitial\u00bb _builder_version=\u00bb3.0.105&#8243; text_orientation=\u00bbjustified\u00bb body_line_height=\u00bb1.5em\u00bb]<\/p>\n<p><strong>ACTIVIDAD: AN\u00c1LISIS DE LA OBRA<\/strong><\/p>\n<p>Debatir en el aula sobre los personajes de la obra. Cu\u00e1les eran las caracter\u00edsticas de \u201cel Gran Manuel\u201d, Lucy y \u201cla peque\u00f1a Turu\u201d. \u00bfCon que personaje te sent\u00eds m\u00e1s identificado?<\/p>\n<p><strong>\u00a0<\/strong><\/p>\n<p><strong>ACTIVIDAD: LAS REGLAS<\/strong><\/p>\n<ul>\n<li>Debatir en el aula: Para sirven las reglas en los juegos \u00bfDiversi\u00f3n o competencia? La importancia del equipo.<\/li>\n<li>Formar grupos y elegir alguno de los juegos que fueron trabajados en la actividad antes de la funci\u00f3n. Hacer una l\u00e1mina con un resumen de sus reglas. Debatir en el grupo y confeccionar nuevas reglas para el mismo juego (por ejemplo: en la rayuela, la piedra debe tirarse bailando, o para atr\u00e1s, o con los ojos cerrados). Las nuevas reglas deben obedecer a una consigna: no deben ser reglas para la competencia. No debe haber ganadores ni perdedores en los juegos, cuando aplicado el nuevo reglamento.<\/li>\n<li>Organizar una marat\u00f3n de juegos populares en el patio aplicando las reglas dise\u00f1adas por los grupos.<\/li>\n<\/ul>\n<p><strong>\u00a0<\/strong><\/p>\n<p><strong>ACTIVIDAD: JUEGOS POPULARES EN EL MUNDO<\/strong><\/p>\n<p>(Extra\u00eddo de http:\/\/tradipopulares.blogspot.com.ar)<\/p>\n<p>Investigar juegos populares en el mundo. Comentar los siguientes ejemplos. Identificar en el mapa los lugares.<\/p>\n<p><strong>LA TXILA<\/strong><\/p>\n<p>Este juego, practicado en Argelia, requiere balones blandos (de gomaespuma, por ejemplo).\u00a0Se hacen dos grupos de igual n\u00famero de\u00a0jugadores. El equipo A se\u00a0agrupa en parejas y tienen que lanzar una\u00a0pelota a los jugadores del equipo B, sin\u00a0soltarse de las manos. Los que van siendo\u00a0alcanzados por la pelota, se eliminan. En\u00a0el momento que todos los jugadores han\u00a0sido tocados, se intercambian los roles.<\/p>\n<p><img loading=\"lazy\" class=\"size-medium wp-image-1028 aligncenter\" src=\"https:\/\/www.lacasaclaypole.org.ar\/primerafuncion\/wp-content\/uploads\/2018\/03\/imagen-1-300x246.png\" alt=\"\" width=\"300\" height=\"246\" srcset=\"https:\/\/www.lacasaclaypole.org.ar\/primerafuncion\/wp-content\/uploads\/2018\/03\/imagen-1-300x246.png 300w, https:\/\/www.lacasaclaypole.org.ar\/primerafuncion\/wp-content\/uploads\/2018\/03\/imagen-1.png 350w\" sizes=\"(max-width: 300px) 100vw, 300px\" \/><\/p>\n<p><strong>TRI<\/strong><\/p>\n<p>Juego alban\u00e9s cuya denominaci\u00f3n significa Tres y que para poder practicarlo nos es necesaria cinta adhesiva o tiza.\u00a0Se delimita un espacio a modo de isla y se\u00a0elige a tres \u201cvigilantes\u201d. El gran grupo corre\u00a0libremente por el espacio acotado, intentando\u00a0no ser cogidos. Si los perseguidores les\u00a0atrapan, ir\u00e1n a la isla. Solamente podr\u00e1n ser\u00a0salvados por el \u00faltimo jugador que quede sin\u00a0coger. De ser as\u00ed, comienza el juego con los\u00a0mismos perseguidores. Si los tres vigilantes\u00a0consiguen atrapar a todo el grupo, en la\u00a0pr\u00f3xima partida los tres primeros que fueron\u00a0capturados har\u00e1n el papel de perseguidores.<\/p>\n<p><img loading=\"lazy\" class=\"size-medium wp-image-1039 aligncenter\" src=\"https:\/\/www.lacasaclaypole.org.ar\/primerafuncion\/wp-content\/uploads\/2018\/03\/imagen-2-1-300x246.png\" alt=\"\" width=\"300\" height=\"246\" srcset=\"https:\/\/www.lacasaclaypole.org.ar\/primerafuncion\/wp-content\/uploads\/2018\/03\/imagen-2-1-300x246.png 300w, https:\/\/www.lacasaclaypole.org.ar\/primerafuncion\/wp-content\/uploads\/2018\/03\/imagen-2-1.png 358w\" sizes=\"(max-width: 300px) 100vw, 300px\" \/><\/p>\n<p><strong>EL ZORRO Y LA GALLINA<\/strong><\/p>\n<p>Juego practicado en Turqu\u00eda por el que los participantes eligen a un jugador que hace de zorro y marcan\u00a0un cuadrado que servir\u00e1 de guarida. Otro jugador\u00a0ser\u00e1 la gallina, y el resto del grupo, los polluelos\u00a0que se coger\u00e1n a la gallina por los hombros. El\u00a0zorro se acerca a la gallina y pregunta el nombre\u00a0del \u00faltimo de la fila, y la gallina lo rechaza. \u00c9sta\u00a0intenta evitar que el zorro coja al \u00faltimo polluelo.\u00a0Cuando esto ocurre, lo lleva a su guarida y vuelve\u00a0para capturar al polluelo siguiente. Mientras\u00a0tanto, la gallina puede salvar a los polluelos\u00a0capturados, pasando por la guarida y toc\u00e1ndolos.\u00a0Estos deben permanecer dentro de la madriguera\u00a0pero pueden estirar los brazos para facilitar el\u00a0trabajo a la gallina. Una vez que son salvados,\u00a0corren a unirse a la fila de los polluelos. El juego\u00a0termina cuando el zorro ha capturado a todos\u00a0los polluelos, o cuando la gallina tiene un solo\u00a0polluelo y los recupera a todos de una vez.<\/p>\n<p><img loading=\"lazy\" class=\"size-medium wp-image-1030 aligncenter\" src=\"https:\/\/www.lacasaclaypole.org.ar\/primerafuncion\/wp-content\/uploads\/2018\/03\/imagen-3-300x246.png\" alt=\"\" width=\"300\" height=\"246\" srcset=\"https:\/\/www.lacasaclaypole.org.ar\/primerafuncion\/wp-content\/uploads\/2018\/03\/imagen-3-300x246.png 300w, https:\/\/www.lacasaclaypole.org.ar\/primerafuncion\/wp-content\/uploads\/2018\/03\/imagen-3.png 389w\" sizes=\"(max-width: 300px) 100vw, 300px\" \/><\/p>\n<p><strong>SKOLA<\/strong><\/p>\n<p>Variante de nuestra Rayuela practicada en Bosnia. Se pintan ocho cuadrados en el suelo. Cada jugador utiliza una piedra\u00a0llamada\u00a0<em>plova<\/em>, como marcador. El juego son\u00a0ocho rondas. En la primera, el jugador lanza\u00a0su\u00a0<em>plova\u00a0<\/em>al cuadrado uno. Salta a pata coja,\u00a0toma la\u00a0<em>plova<\/em>, y contin\u00faa por el resto de los\u00a0cuadrados en orden, acabando en el cuadrado\u00a0ocho y saltando hacia fuera. En la ronda\u00a0siguiente, el jugador tira su\u00a0<em>plova\u00a0<\/em>al segundo\u00a0grado, salta por todos los cuadrados como\u00a0en la ronda anterior y as\u00ed hasta completar los\u00a0ocho cuadros. Se considera fallo cuando lanza\u00a0fuera la\u00a0<em>plova<\/em>, cuando pisa la l\u00ednea o cuando\u00a0pone ambos pies en el suelo. Cuando alguien\u00a0comete una falta, pierde su vuelta, pero puede\u00a0comenzar en el mismo nivel del grado donde se qued\u00f3.<\/p>\n<p><img loading=\"lazy\" class=\"size-medium wp-image-1031 aligncenter\" src=\"https:\/\/www.lacasaclaypole.org.ar\/primerafuncion\/wp-content\/uploads\/2018\/03\/imagen-4-300x246.png\" alt=\"\" width=\"300\" height=\"246\" srcset=\"https:\/\/www.lacasaclaypole.org.ar\/primerafuncion\/wp-content\/uploads\/2018\/03\/imagen-4-300x246.png 300w, https:\/\/www.lacasaclaypole.org.ar\/primerafuncion\/wp-content\/uploads\/2018\/03\/imagen-4.png 346w\" sizes=\"(max-width: 300px) 100vw, 300px\" \/><\/p>\n<p><strong>ACTIVIDAD: LOS JUEGOS DE LOS ABUELOS<\/strong><\/p>\n<ul>\n<li>Debatir en el aula: \u00bfSaben con qu\u00e9 juguetes o a qu\u00e9 jugaban sus abuelos cuando eran peque\u00f1os como uds.?<\/li>\n<li>Comentar las siguientes fotograf\u00edas. Investigar como se juegan. Apuntar similitudes y deferencias con los juegos actuales.<\/li>\n<\/ul>\n<p><img loading=\"lazy\" class=\"size-medium wp-image-1032 aligncenter\" src=\"https:\/\/www.lacasaclaypole.org.ar\/primerafuncion\/wp-content\/uploads\/2018\/03\/imagen-5-282x300.png\" alt=\"\" width=\"282\" height=\"300\" srcset=\"https:\/\/www.lacasaclaypole.org.ar\/primerafuncion\/wp-content\/uploads\/2018\/03\/imagen-5-282x300.png 282w, https:\/\/www.lacasaclaypole.org.ar\/primerafuncion\/wp-content\/uploads\/2018\/03\/imagen-5.png 289w\" sizes=\"(max-width: 282px) 100vw, 282px\" \/><\/p>\n<p><img loading=\"lazy\" class=\"size-medium wp-image-1033 aligncenter\" src=\"https:\/\/www.lacasaclaypole.org.ar\/primerafuncion\/wp-content\/uploads\/2018\/03\/imagen-6-300x240.png\" alt=\"\" width=\"300\" height=\"240\" srcset=\"https:\/\/www.lacasaclaypole.org.ar\/primerafuncion\/wp-content\/uploads\/2018\/03\/imagen-6-300x240.png 300w, https:\/\/www.lacasaclaypole.org.ar\/primerafuncion\/wp-content\/uploads\/2018\/03\/imagen-6.png 393w\" sizes=\"(max-width: 300px) 100vw, 300px\" \/><\/p>\n<p><img loading=\"lazy\" class=\"size-medium wp-image-1034 aligncenter\" src=\"https:\/\/www.lacasaclaypole.org.ar\/primerafuncion\/wp-content\/uploads\/2018\/03\/imagen-7-300x240.png\" alt=\"\" width=\"300\" height=\"240\" srcset=\"https:\/\/www.lacasaclaypole.org.ar\/primerafuncion\/wp-content\/uploads\/2018\/03\/imagen-7-300x240.png 300w, https:\/\/www.lacasaclaypole.org.ar\/primerafuncion\/wp-content\/uploads\/2018\/03\/imagen-7.png 364w\" sizes=\"(max-width: 300px) 100vw, 300px\" \/><\/p>\n<p><img loading=\"lazy\" class=\"size-medium wp-image-1035 aligncenter\" src=\"https:\/\/www.lacasaclaypole.org.ar\/primerafuncion\/wp-content\/uploads\/2018\/03\/imagen-8-300x161.png\" alt=\"\" width=\"300\" height=\"161\" srcset=\"https:\/\/www.lacasaclaypole.org.ar\/primerafuncion\/wp-content\/uploads\/2018\/03\/imagen-8-300x161.png 300w, https:\/\/www.lacasaclaypole.org.ar\/primerafuncion\/wp-content\/uploads\/2018\/03\/imagen-8.png 320w\" sizes=\"(max-width: 300px) 100vw, 300px\" \/><\/p>\n<p><img loading=\"lazy\" class=\"size-medium wp-image-1036 aligncenter\" src=\"https:\/\/www.lacasaclaypole.org.ar\/primerafuncion\/wp-content\/uploads\/2018\/03\/imagen-9-300x225.png\" alt=\"\" width=\"300\" height=\"225\" srcset=\"https:\/\/www.lacasaclaypole.org.ar\/primerafuncion\/wp-content\/uploads\/2018\/03\/imagen-9-300x225.png 300w, https:\/\/www.lacasaclaypole.org.ar\/primerafuncion\/wp-content\/uploads\/2018\/03\/imagen-9.png 326w\" sizes=\"(max-width: 300px) 100vw, 300px\" \/><\/p>\n<p><img loading=\"lazy\" class=\"size-medium wp-image-1037 aligncenter\" src=\"https:\/\/www.lacasaclaypole.org.ar\/primerafuncion\/wp-content\/uploads\/2018\/03\/imagen-10-300x221.png\" alt=\"\" width=\"300\" height=\"221\" srcset=\"https:\/\/www.lacasaclaypole.org.ar\/primerafuncion\/wp-content\/uploads\/2018\/03\/imagen-10-300x221.png 300w, https:\/\/www.lacasaclaypole.org.ar\/primerafuncion\/wp-content\/uploads\/2018\/03\/imagen-10.png 340w\" sizes=\"(max-width: 300px) 100vw, 300px\" \/><\/p>\n<p><img loading=\"lazy\" class=\"size-medium wp-image-1038 aligncenter\" src=\"https:\/\/www.lacasaclaypole.org.ar\/primerafuncion\/wp-content\/uploads\/2018\/03\/imagen-11-234x300.png\" alt=\"\" width=\"234\" height=\"300\" srcset=\"https:\/\/www.lacasaclaypole.org.ar\/primerafuncion\/wp-content\/uploads\/2018\/03\/imagen-11-234x300.png 234w, https:\/\/www.lacasaclaypole.org.ar\/primerafuncion\/wp-content\/uploads\/2018\/03\/imagen-11.png 307w\" sizes=\"(max-width: 234px) 100vw, 234px\" \/><\/p>\n<p>[\/et_pb_toggle][et_pb_toggle admin_label=\u00bb4. MATERIAL DE APOYO PARA ALUMNOS, DOCENTES Y VECINOS \u00bb title=\u00bb4. MATERIAL DE APOYO PARA ALUMNOS Y DOCENTES\u00bb open=\u00bboff\u00bb use_border_color=\u00bboff\u00bb title_font_size=\u00bb30&#8243; _builder_version=\u00bb3.0.105&#8243;]<\/p>\n<p><strong>El texto de la obra<\/strong><\/p>\n<p>GIGANTES PEQUE\u00d1OS de An\u00edbal Dinaro.<\/p>\n<p><strong>En Videoteca<\/strong><\/p>\n<p>Juegos de ayer, de hoy y de siempre<\/p>\n<p>[\/et_pb_toggle][\/et_pb_column][\/et_pb_row][\/et_pb_section]<\/p>\n","protected":false},"excerpt":{"rendered":"<p>[et_pb_section bb_built=\u00bb1&#8243; admin_label=\u00bbsection\u00bb transparent_background=\u00bboff\u00bb background_color=\u00bb#383838&#8243; allow_player_pause=\u00bboff\u00bb inner_shadow=\u00bboff\u00bb parallax=\u00bboff\u00bb parallax_method=\u00bboff\u00bb padding_mobile=\u00bboff\u00bb make_fullwidth=\u00bboff\u00bb use_custom_width=\u00bboff\u00bb width_unit=\u00bbon\u00bb make_equal=\u00bboff\u00bb use_custom_gutter=\u00bboff\u00bb custom_padding_tablet=\u00bb50px|0|50px|0&#8243; custom_padding_last_edited=\u00bbon|desktop\u00bb][et_pb_row admin_label=\u00bbrow\u00bb background_position=\u00bbtop_left\u00bb background_repeat=\u00bbrepeat\u00bb background_size=\u00bbinitial\u00bb][et_pb_column type=\u00bb1_3&#8243;][\/et_pb_column][et_pb_column type=\u00bb2_3&#8243;][et_pb_text background_layout=\u00bbdark\u00bb text_orientation=\u00bbright\u00bb use_border_color=\u00bboff\u00bb background_position=\u00bbtop_left\u00bb background_repeat=\u00bbrepeat\u00bb background_size=\u00bbinitial\u00bb module_alignment=\u00bbcenter\u00bb _builder_version=\u00bb3.0.105&#8243; text_font_size=\u00bb14px\u00bb text_line_height=\u00bb1.5em\u00bb] La verdadera\u00a0patria\u00a0del hombre es la\u00a0infancia. Rainer Maria Rilke [\/et_pb_text][\/et_pb_column][\/et_pb_row][et_pb_row admin_label=\u00bbrow\u00bb background_position=\u00bbtop_left\u00bb background_repeat=\u00bbrepeat\u00bb background_size=\u00bbinitial\u00bb][et_pb_column type=\u00bb1_4&#8243;][\/et_pb_column][et_pb_column type=\u00bb1_2&#8243;][et_pb_video _builder_version=\u00bb3.0.105&#8243; src=\u00bbhttps:\/\/www.youtube.com\/watch?v=zLa_AE33DhU\u00bb \/][\/et_pb_column][et_pb_column type=\u00bb1_4&#8243;][\/et_pb_column][\/et_pb_row][et_pb_row background_position=\u00bbtop_left\u00bb background_repeat=\u00bbrepeat\u00bb background_size=\u00bbinitial\u00bb][et_pb_column [&hellip;]<\/p>\n","protected":false},"author":1,"featured_media":0,"parent":0,"menu_order":0,"comment_status":"closed","ping_status":"closed","template":"","meta":[],"_links":{"self":[{"href":"https:\/\/www.lacasaclaypole.org.ar\/primerafuncion\/wp-json\/wp\/v2\/pages\/909"}],"collection":[{"href":"https:\/\/www.lacasaclaypole.org.ar\/primerafuncion\/wp-json\/wp\/v2\/pages"}],"about":[{"href":"https:\/\/www.lacasaclaypole.org.ar\/primerafuncion\/wp-json\/wp\/v2\/types\/page"}],"author":[{"embeddable":true,"href":"https:\/\/www.lacasaclaypole.org.ar\/primerafuncion\/wp-json\/wp\/v2\/users\/1"}],"replies":[{"embeddable":true,"href":"https:\/\/www.lacasaclaypole.org.ar\/primerafuncion\/wp-json\/wp\/v2\/comments?post=909"}],"version-history":[{"count":6,"href":"https:\/\/www.lacasaclaypole.org.ar\/primerafuncion\/wp-json\/wp\/v2\/pages\/909\/revisions"}],"predecessor-version":[{"id":1185,"href":"https:\/\/www.lacasaclaypole.org.ar\/primerafuncion\/wp-json\/wp\/v2\/pages\/909\/revisions\/1185"}],"wp:attachment":[{"href":"https:\/\/www.lacasaclaypole.org.ar\/primerafuncion\/wp-json\/wp\/v2\/media?parent=909"}],"curies":[{"name":"wp","href":"https:\/\/api.w.org\/{rel}","templated":true}]}}