{"id":238,"date":"2016-06-30T15:44:48","date_gmt":"2016-06-30T15:44:48","guid":{"rendered":"http:\/\/www.hecultura.com\/primerafuncion\/?page_id=238"},"modified":"2021-12-01T01:51:58","modified_gmt":"2021-12-01T01:51:58","slug":"arte-y-prevencion","status":"publish","type":"page","link":"https:\/\/www.lacasaclaypole.org.ar\/primerafuncion\/artes-escenicas\/arte-y-prevencion\/","title":{"rendered":"EL ARTE COMO HERRAMIENTA DE PREVENCI\u00d3N"},"content":{"rendered":"<p>[et_pb_section fb_built=\u00bb1&#8243; background_color=\u00bb#383838&#8243; admin_label=\u00bbsection\u00bb custom_padding_last_edited=\u00bbon|desktop\u00bb _builder_version=\u00bb3.0.47&#8243; custom_padding_tablet=\u00bb50px|0|50px|0&#8243; transparent_background=\u00bboff\u00bb padding_mobile=\u00bboff\u00bb][et_pb_row _builder_version=\u00bb3.0.105&#8243;][et_pb_column type=\u00bb4_4&#8243; _builder_version=\u00bb3.0.105&#8243; parallax=\u00bboff\u00bb parallax_method=\u00bbon\u00bb][et_pb_text _builder_version=\u00bb3.0.105&#8243;]<\/p>\n<p style=\"text-align: right; padding-left: 270px;\"><span style=\"color: #ffffff;\">\u201cEl problema de las adicciones no es solo de quien est\u00e1 involucrado en el consumo de sustancias. Esta problem\u00e1tica nos atraviesa a todos y desde ah\u00ed tenemos que abordar este tema. El hecho que el conocimiento en materia de prevenci\u00f3n y de asistencia haya sido apropiado por el saber m\u00e9dico y el saber jur\u00eddico o por el saber policial, nos ha restado capacidad de intervenci\u00f3n desde otras perspectivas sociales\u00bb<\/span><\/p>\n<p>[\/et_pb_text][\/et_pb_column][\/et_pb_row][et_pb_row _builder_version=\u00bb3.0.105&#8243;][et_pb_column type=\u00bb4_4&#8243; _builder_version=\u00bb3.0.105&#8243; parallax=\u00bboff\u00bb parallax_method=\u00bbon\u00bb][et_pb_video src=\u00bbhttps:\/\/youtu.be\/Gd_fpO6hJrQ\u00bb _builder_version=\u00bb3.0.105&#8243; max_width=\u00bb51%\u00bb module_alignment=\u00bbcenter\u00bb][\/et_pb_video][\/et_pb_column][\/et_pb_row][et_pb_row admin_label=\u00bbFila\u00bb _builder_version=\u00bb3.0.47&#8243; background_size=\u00bbinitial\u00bb background_position=\u00bbtop_left\u00bb background_repeat=\u00bbrepeat\u00bb][et_pb_column type=\u00bb4_4&#8243; _builder_version=\u00bb3.0.47&#8243; parallax=\u00bboff\u00bb parallax_method=\u00bbon\u00bb][et_pb_toggle title=\u00bb1. ELEMENTOS B\u00c1SICOS DE ORIENTACI\u00d3N\u00bb admin_label=\u00bb1. ELEMENTOS B\u00c1SICOS DE ORIENTACI\u00d3N\u00bb _builder_version=\u00bb3.0.47&#8243; title_font_size=\u00bb30&#8243; body_font=\u00bbArial||||\u00bb background_size=\u00bbinitial\u00bb background_position=\u00bbtop_left\u00bb background_repeat=\u00bbrepeat\u00bb use_border_color=\u00bboff\u00bb border_color=\u00bb#ffffff\u00bb border_style=\u00bbsolid\u00bb]<\/p>\n<p><strong>T\u00edtulo<\/strong>: Escenas Breves (El Arte como Herramienta para la Prevenci\u00f3n de Consumos Problem\u00e1ticos)<\/p>\n<p><strong>G\u00e9nero<\/strong>: Drama<\/p>\n<p><strong>Autor<\/strong>: Creaci\u00f3n colectiva de los participantes del Taller de Prevenci\u00f3n de Consumos Problem\u00e1ticos<\/p>\n<p><strong>Direcci\u00f3n<\/strong>: Colectiva<\/p>\n<p><strong>Compa\u00f1\u00eda<\/strong>: &#8211;<\/p>\n<p><strong>Sinopsis<\/strong>:\u00a0<span style=\"font-size: 16px;\">Escenas breves de\u00a0<\/span>creaci\u00f3n colectiva, donde el texto dram\u00e1tico <span style=\"font-size: 16px;\">representa el<\/span><span style=\"font-size: 16px;\">\u00a0consumo problem\u00e1tico de sustancias en nosotros, nuestro entorno y la comunidad.<\/span><\/p>\n<p><strong style=\"font-size: 16px;\">Publico Sugerido<\/strong><span style=\"font-size: 16px;\">: Educaci\u00f3n Secundaria \u00faltimos a\u00f1os \/ Terciaria \/ Educaci\u00f3n de Adultos.<\/span><\/p>\n<p>[\/et_pb_toggle][et_pb_toggle title=\u00bb2. MATERIAL SUGERIDO PARA EL TRABAJO PREVIO A LA FUNCI\u00d3N\u00bb admin_label=\u00bb2. MATERIAL SUGERIDO PARA EL TRABAJO PREVIO A LA VISITA\u00bb _builder_version=\u00bb3.0.47&#8243; title_font_size=\u00bb30&#8243; body_font=\u00bbArial||||\u00bb background_size=\u00bbinitial\u00bb background_position=\u00bbtop_left\u00bb background_repeat=\u00bbrepeat\u00bb use_border_color=\u00bboff\u00bb border_color=\u00bb#ffffff\u00bb border_style=\u00bbsolid\u00bb]<\/p>\n<p>1. Debatir en clase:\u00bfQu\u00e9 es un consumo?\u00a0\u00bfQu\u00e9 es un consumo problem\u00e1tico?\u00a0\u00bfTodos los consumos son problem\u00e1ticos?<\/p>\n<p>2. Separar el curso en grupos de 5 o 6 alumnos con la consigna: \u00bfQu\u00e9 tipos de consumo practicamos o vemos nuestro alrededor?<br \/>Elegir un consumo por grupo y realizar una representaci\u00f3n.<\/p>\n<p>[\/et_pb_toggle][et_pb_toggle title=\u00bb3. ACTIVIDADES SUGERIDAS PARA DESPU\u00c9S DE LA FUNCI\u00d3N\u00bb admin_label=\u00bb3. ACTIVIDADES SUGERIDAS PARA DESPU\u00c9S DE LA VISITA\u00bb _builder_version=\u00bb3.0.47&#8243; title_font_size=\u00bb30&#8243; body_font=\u00bbArial||||\u00bb background_size=\u00bbinitial\u00bb background_position=\u00bbtop_left\u00bb background_repeat=\u00bbrepeat\u00bb use_border_color=\u00bboff\u00bb border_color=\u00bb#ffffff\u00bb border_style=\u00bbsolid\u00bb]<\/p>\n<h4>CONSUMOS PROBLEM\u00c1TICOS<\/h4>\n<p>Despu\u00e9s de asistir a la obra y debatir con los artistas y coordinadores, analizar en grupos las siguientes frases. Identificar cuales de ellas piensas representan consumos problem\u00e1ticos y por qu\u00e9:<\/p>\n<ol>\n<li style=\"padding-left: 30px;\"><em>Me colgu\u00e9 y no me pude levantar;\u00a0 \u00a0 \u00a0 \u00a0 \u00a0 \u00a0 \u00a0 \u00a0 \u00a0 \u00a0 \u00a0 \u00a0 \u00a0 \u00a0 \u00a0 \u00a0 \u00a0 \u00a0 \u00a0 \u00a0 \u00a0 \u00a0 \u00a0 \u00a0 \u00a0 \u00a0 \u00a0\u00a0<\/em><\/li>\n<li style=\"padding-left: 30px;\"><em>Ayer me la di, y hoy no pude ir a trabajar;\u00a0 \u00a0 \u00a0 \u00a0 \u00a0 \u00a0 \u00a0 \u00a0 \u00a0 \u00a0 \u00a0 \u00a0 \u00a0 \u00a0 \u00a0 \u00a0 \u00a0 \u00a0 \u00a0 \u00a0 \u00a0 \u00a0<\/em><\/li>\n<li style=\"padding-left: 30px;\"><em>No hago tiempo para estar con mis hijos;\u00a0 \u00a0 \u00a0 \u00a0 \u00a0 \u00a0 \u00a0 \u00a0 \u00a0 \u00a0 \u00a0 \u00a0 \u00a0 \u00a0 \u00a0 \u00a0 \u00a0 \u00a0 \u00a0 \u00a0 \u00a0 \u00a0\u00a0<\/em><\/li>\n<li style=\"padding-left: 30px;\"><em>Yo se que me hace mal pero no lo puedo dejar;\u00a0 \u00a0 \u00a0 \u00a0 \u00a0 \u00a0 \u00a0 \u00a0 \u00a0 \u00a0 \u00a0 \u00a0 \u00a0 \u00a0 \u00a0 \u00a0 \u00a0 \u00a0<\/em><\/li>\n<li style=\"padding-left: 30px;\"><em>Un poquito no me hace nada;\u00a0 \u00a0 \u00a0 \u00a0 \u00a0 \u00a0 \u00a0 \u00a0 \u00a0 \u00a0 \u00a0 \u00a0 \u00a0 \u00a0 \u00a0 \u00a0 \u00a0 \u00a0 \u00a0 \u00a0 \u00a0 \u00a0 \u00a0 \u00a0 \u00a0 \u00a0 \u00a0 \u00a0 \u00a0 \u00a0<\/em><\/li>\n<li style=\"padding-left: 30px;\"><em>Yo lo manejo;\u00a0 \u00a0 \u00a0 \u00a0 \u00a0 \u00a0 \u00a0 \u00a0 \u00a0 \u00a0 \u00a0 \u00a0 \u00a0 \u00a0 \u00a0 \u00a0 \u00a0 \u00a0 \u00a0 \u00a0 \u00a0 \u00a0 \u00a0 \u00a0 \u00a0 \u00a0 \u00a0 \u00a0 \u00a0 \u00a0 \u00a0 \u00a0 \u00a0 \u00a0 \u00a0 \u00a0 \u00a0 \u00a0 \u00a0 \u00a0\u00a0<\/em><\/li>\n<li style=\"padding-left: 30px;\"><em>Solo lo hago cuando estoy con otros;\u00a0 \u00a0 \u00a0 \u00a0 \u00a0 \u00a0 \u00a0 \u00a0 \u00a0 \u00a0 \u00a0 \u00a0 \u00a0 \u00a0 \u00a0 \u00a0 \u00a0 \u00a0 \u00a0 \u00a0 \u00a0 \u00a0 \u00a0 \u00a0 \u00a0\u00a0<\/em><\/li>\n<li style=\"padding-left: 30px;\"><em>Yo nada mas tomo poco, y cuando salgo;\u00a0 \u00a0 \u00a0 \u00a0 \u00a0 \u00a0 \u00a0 \u00a0 \u00a0 \u00a0 \u00a0 \u00a0 \u00a0 \u00a0 \u00a0 \u00a0 \u00a0 \u00a0 \u00a0 \u00a0 \u00a0 \u00a0 \u00a0<\/em><\/li>\n<li style=\"padding-left: 30px;\"><em>Es que todos toman;\u00a0 \u00a0 \u00a0 \u00a0 \u00a0 \u00a0 \u00a0 \u00a0 \u00a0 \u00a0 \u00a0 \u00a0 \u00a0 \u00a0 \u00a0 \u00a0 \u00a0 \u00a0 \u00a0 \u00a0 \u00a0 \u00a0 \u00a0 \u00a0 \u00a0 \u00a0 \u00a0 \u00a0 \u00a0 \u00a0 \u00a0 \u00a0 \u00a0 \u00a0 \u00a0 \u00a0<\/em><\/li>\n<li style=\"padding-left: 30px;\"><em>Yo me conozco y lo manejo;\u00a0 \u00a0 \u00a0 \u00a0 \u00a0 \u00a0 \u00a0 \u00a0 \u00a0 \u00a0 \u00a0 \u00a0 \u00a0 \u00a0 \u00a0 \u00a0 \u00a0 \u00a0 \u00a0 \u00a0 \u00a0 \u00a0 \u00a0 \u00a0 \u00a0 \u00a0 \u00a0 \u00a0 \u00a0 \u00a0\u00a0<\/em><\/li>\n<li style=\"padding-left: 30px;\"><em>Es que sino tengo el celular me aburro;\u00a0 \u00a0 \u00a0 \u00a0 \u00a0 \u00a0 \u00a0 \u00a0 \u00a0 \u00a0 \u00a0 \u00a0 \u00a0 \u00a0 \u00a0 \u00a0 \u00a0 \u00a0 \u00a0 \u00a0 \u00a0 \u00a0 \u00a0 \u00a0<\/em><\/li>\n<li style=\"padding-left: 30px;\"><em>Es que tengo que contestar;\u00a0 \u00a0 \u00a0 \u00a0 \u00a0 \u00a0 \u00a0 \u00a0 \u00a0 \u00a0 \u00a0 \u00a0 \u00a0 \u00a0 \u00a0 \u00a0 \u00a0 \u00a0 \u00a0 \u00a0 \u00a0 \u00a0 \u00a0 \u00a0 \u00a0 \u00a0 \u00a0 \u00a0 \u00a0 \u00a0 \u00a0<\/em><\/li>\n<li style=\"padding-left: 30px;\"><em style=\"font-size: 16px;\">Tres cervezas con una amiga;\u00a0 \u00a0 \u00a0 \u00a0 \u00a0 \u00a0 \u00a0 \u00a0 \u00a0 \u00a0 \u00a0 \u00a0 \u00a0 \u00a0 \u00a0 \u00a0 \u00a0 \u00a0 \u00a0 \u00a0 \u00a0 \u00a0 \u00a0 \u00a0 \u00a0 \u00a0 \u00a0 \u00a0 \u00a0 \u00a0\u00a0<\/em><\/li>\n<li style=\"padding-left: 30px;\"><em>Un faso;\u00a0 \u00a0 \u00a0 \u00a0 \u00a0 \u00a0 \u00a0 \u00a0 \u00a0 \u00a0 \u00a0 \u00a0 \u00a0 \u00a0 \u00a0 \u00a0 \u00a0 \u00a0 \u00a0 \u00a0 \u00a0 \u00a0 \u00a0 \u00a0 \u00a0 \u00a0 \u00a0 \u00a0 \u00a0 \u00a0 \u00a0 \u00a0 \u00a0 \u00a0 \u00a0 \u00a0 \u00a0 \u00a0 \u00a0 \u00a0 \u00a0 \u00a0 \u00a0\u00a0<\/em><\/li>\n<li style=\"padding-left: 30px;\"><em>Pastillas para poder dormir;\u00a0 \u00a0 \u00a0 \u00a0 \u00a0 \u00a0 \u00a0 \u00a0 \u00a0 \u00a0 \u00a0 \u00a0 \u00a0 \u00a0 \u00a0 \u00a0 \u00a0 \u00a0 \u00a0 \u00a0 \u00a0 \u00a0 \u00a0 \u00a0 \u00a0 \u00a0 \u00a0 \u00a0 \u00a0 \u00a0 \u00a0 \u00a0 \u00a0 \u00a0 \u00a0\u00a0<\/em><\/li>\n<li style=\"padding-left: 30px;\"><em>No hay problema en usar el celular cuando se esta cargando;\u00a0 \u00a0 \u00a0 \u00a0 \u00a0 \u00a0 \u00a0 \u00a0 \u00a0 \u00a0 \u00a0 \u00a0 \u00a0 \u00a0\u00a0<\/em><\/li>\n<li style=\"padding-left: 30px;\"><em>Se me cayo el celular en el ba\u00f1o;<\/em><\/li>\n<\/ol>\n<p>\u00a0<\/p>\n<h4>DERRIBANDO MITOS<\/h4>\n<p><span>A partir de las escenas vistas en la obra, d\u00f3nde varias cuestiones giran al rededor del consumo de alcohol, qu\u00e9 piensas de las siguientes frases:<\/span><\/p>\n<ol>\n<li style=\"padding-left: 60px;\"><em>El alcohol nos estimula y nos ayuda a divertirnos;<\/em><\/li>\n<li style=\"padding-left: 60px;\"><em>Todo lo que tomamos se elimina del organismo a trav\u00e9s de la orina y el sudor;<\/em><\/li>\n<li style=\"padding-left: 60px;\"><em>Los efectos del alcohol pasan m\u00e1s r\u00e1pido si tomas caf\u00e9 o vamos al ba\u00f1o;<\/em><\/li>\n<li style=\"padding-left: 60px;\"><em>El alcohol nos mantiene despiertos y nos hace estar m\u00e1s alegres;<\/em><\/li>\n<\/ol>\n<p>Despu\u00e9s de debatir en clase buscar informaci\u00f3n en el siguiente video minuto: https:\/\/fb.watch\/9vFKXfzanU\/<\/p>\n<p>\u00a0<\/p>\n<h4>DERRIBANDO MITOS (2)<\/h4>\n<p>\u00a0Debatir en grupo las siguientes frases y realizar una puesta en com\u00fan.\u00bfMito o realidad?:<\/p>\n<ol>\n<li class=\"p1\" style=\"padding-left: 60px;\"><em>El consumo de alcohol es un problema\u00a0<span style=\"font-size: 16px;\">principalmente de los j\u00f3venes;<\/span><\/em><\/li>\n<li class=\"p1\" style=\"padding-left: 60px;\"><em>Lo bueno de los medicamentos legales es que no traen riesgos ni producen dependencia;<\/em><\/li>\n<li class=\"p1\" style=\"padding-left: 60px;\"><em>El alcohol provoca m\u00e1s da\u00f1os sociales y de salud que cualquier droga ilegal;<\/em><\/li>\n<li class=\"p1\" style=\"padding-left: 60px;\"><em>Los hechos de violencia est\u00e1n muchas veces asociados al consumo de drogas y\u00a0 alcohol;<\/em><\/li>\n<\/ol>\n<p><em><\/em><\/p>\n<h4 class=\"p1\">MEJOR PREVENIR QUE CURAR<\/h4>\n<p class=\"p1\">Pensemos una campa\u00f1a de prevenci\u00f3n de consumos problem\u00e1ticos para la escuela. Implementemos l\u00e1minas, flyers para las redes sociales, videos, etc. Tengamos en cuenta los\u00a0<span>siguientes elementos para la campa\u00f1a:<\/span><\/p>\n<ol>\n<li style=\"padding-left: 60px;\"><em>\u00bfLas sustancias legales son menos riesgosas que las ilegales?;<\/em><em><\/em><\/li>\n<li style=\"padding-left: 60px;\"><em>\u00bfExiste adicci\u00f3n a las compras o el juego?;<\/em><\/li>\n<li style=\"padding-left: 60px;\"><em>Record\u00e1: no es bueno generalizar a partir de experiencias\u00a0<\/em><em style=\"font-size: 16px;\">puntuales. La mejor prevenci\u00f3n no consiste en transmitir miedo o\u00a0<\/em><em style=\"font-size: 16px;\">mensajes alarmistas.<\/em><\/li>\n<li style=\"padding-left: 60px;\"><em style=\"font-size: 16px;\">Todo consumo, aun el eventual o espor\u00e1dico (cuando es \u201cde\u00a0<\/em><em style=\"font-size: 16px;\">vez en cuando\u201d) puede volverse problem\u00e1tico, implicando\u00a0<\/em><em style=\"font-size: 16px;\">ciertos riesgos frente a los cuales es preciso adoptar\u00a0<\/em><em style=\"font-size: 16px;\">pr\u00e1cticas de cuidado.\u00a0<\/em><em style=\"font-size: 16px;\">Algunos ejemplos:\u00a0<\/em>\n<ul>\n<li><em>Accidentes por conducir bajo los efectos de sustancias;<\/em><\/li>\n<li><em style=\"font-size: 16px;\">Exposici\u00f3n a conductas sexuales de riesgo y situaciones de\u00a0<\/em><em style=\"font-size: 16px;\">violencia;<\/em><\/li>\n<li><em>Riesgos relacionados con la intoxicaci\u00f3n y sobredosis<\/em><\/li>\n<\/ul>\n<\/li>\n<li style=\"padding-left: 60px;\"><em>Ninguna sustancia es \u201csaludable\u201d o \u201cinsalubre\u201d de por s\u00ed. Esto\u00a0<\/em><em style=\"font-size: 16px;\">depende del uso que se haga de ella (hasta el az\u00facar tiene riesgos asociados, que es\u00a0<\/em><em style=\"font-size: 16px;\">importante conocer. Algunos de ellos son las caries o el\u00a0<\/em><em style=\"font-size: 16px;\">sobrepeso);<\/em><\/li>\n<\/ol>\n<p>Buscar m\u00e1s informaci\u00f3n en\u00a0<a href=\"https:\/\/www.argentina.gob.ar\/jefatura\/sedronar\">https:\/\/www.argentina.gob.ar\/jefatura\/sedronar<\/a><\/p>\n<p><em><\/em><\/p>\n<p>[\/et_pb_toggle][et_pb_toggle title=\u00bb4. MATERIAL DE APOYO PARA ALUMNOS, DOCENTES Y VECINOS \u00bb admin_label=\u00bb4. MATERIAL DE APOYO PARA ALUMNOS, DOCENTES Y VECINOS \u00bb _builder_version=\u00bb3.0.47&#8243; title_font_size=\u00bb30&#8243; body_font=\u00bbArial||||\u00bb background_size=\u00bbinitial\u00bb background_position=\u00bbtop_left\u00bb background_repeat=\u00bbrepeat\u00bb use_border_color=\u00bboff\u00bb border_color=\u00bb#ffffff\u00bb border_style=\u00bbsolid\u00bb]<\/p>\n<p>1. Video: El Arte como Herramineta para el Consumo Problem\u00e1tico de Sustancias (en VIDEOTECA)<\/p>\n<p>2. Arte y Prevenci\u00f3n. Informe Final del Proyecto \u00abEl Arte como Herramienta para la Prevenci\u00f3n de Consumo Problem\u00e1tico de Sustancias\u00bb.<\/p>\n<p>3. No me Chamuyes. Material para Preventores Educativos. Sedronar.<\/p>\n<p>4. Hablemos de Alcohol de Verdad. Sedronar.<\/p>\n<p>[\/et_pb_toggle][\/et_pb_column][\/et_pb_row][\/et_pb_section]<\/p>\n","protected":false},"excerpt":{"rendered":"<p>[et_pb_section fb_built=\u00bb1&#8243; background_color=\u00bb#383838&#8243; admin_label=\u00bbsection\u00bb custom_padding_last_edited=\u00bbon|desktop\u00bb _builder_version=\u00bb3.0.47&#8243; custom_padding_tablet=\u00bb50px|0|50px|0&#8243; transparent_background=\u00bboff\u00bb padding_mobile=\u00bboff\u00bb][et_pb_row _builder_version=\u00bb3.0.105&#8243;][et_pb_column type=\u00bb4_4&#8243; _builder_version=\u00bb3.0.105&#8243; parallax=\u00bboff\u00bb parallax_method=\u00bbon\u00bb][et_pb_text _builder_version=\u00bb3.0.105&#8243;] \u201cEl problema de las adicciones no es solo de quien est\u00e1 involucrado en el consumo de sustancias. Esta problem\u00e1tica nos atraviesa a todos y desde ah\u00ed tenemos que abordar este tema. El hecho que el conocimiento en materia de prevenci\u00f3n [&hellip;]<\/p>\n","protected":false},"author":2,"featured_media":0,"parent":63,"menu_order":0,"comment_status":"closed","ping_status":"closed","template":"","meta":[],"_links":{"self":[{"href":"https:\/\/www.lacasaclaypole.org.ar\/primerafuncion\/wp-json\/wp\/v2\/pages\/238"}],"collection":[{"href":"https:\/\/www.lacasaclaypole.org.ar\/primerafuncion\/wp-json\/wp\/v2\/pages"}],"about":[{"href":"https:\/\/www.lacasaclaypole.org.ar\/primerafuncion\/wp-json\/wp\/v2\/types\/page"}],"author":[{"embeddable":true,"href":"https:\/\/www.lacasaclaypole.org.ar\/primerafuncion\/wp-json\/wp\/v2\/users\/2"}],"replies":[{"embeddable":true,"href":"https:\/\/www.lacasaclaypole.org.ar\/primerafuncion\/wp-json\/wp\/v2\/comments?post=238"}],"version-history":[{"count":23,"href":"https:\/\/www.lacasaclaypole.org.ar\/primerafuncion\/wp-json\/wp\/v2\/pages\/238\/revisions"}],"predecessor-version":[{"id":1510,"href":"https:\/\/www.lacasaclaypole.org.ar\/primerafuncion\/wp-json\/wp\/v2\/pages\/238\/revisions\/1510"}],"up":[{"embeddable":true,"href":"https:\/\/www.lacasaclaypole.org.ar\/primerafuncion\/wp-json\/wp\/v2\/pages\/63"}],"wp:attachment":[{"href":"https:\/\/www.lacasaclaypole.org.ar\/primerafuncion\/wp-json\/wp\/v2\/media?parent=238"}],"curies":[{"name":"wp","href":"https:\/\/api.w.org\/{rel}","templated":true}]}}