{"id":1200,"date":"2018-08-16T19:20:40","date_gmt":"2018-08-16T19:20:40","guid":{"rendered":"http:\/\/www.hecultura.com\/primerafuncion\/?page_id=1200"},"modified":"2018-08-16T19:20:40","modified_gmt":"2018-08-16T19:20:40","slug":"reirse-del-invierno","status":"publish","type":"page","link":"https:\/\/www.lacasaclaypole.org.ar\/primerafuncion\/reirse-del-invierno\/","title":{"rendered":"CANCIONES PARA REIRSE DEL INVIERNO"},"content":{"rendered":"<p>[et_pb_section bb_built=\u00bb1&#8243; admin_label=\u00bbsection\u00bb transparent_background=\u00bboff\u00bb background_color=\u00bb#383838&#8243; allow_player_pause=\u00bboff\u00bb inner_shadow=\u00bboff\u00bb parallax=\u00bboff\u00bb parallax_method=\u00bboff\u00bb padding_mobile=\u00bboff\u00bb make_fullwidth=\u00bboff\u00bb use_custom_width=\u00bboff\u00bb width_unit=\u00bbon\u00bb make_equal=\u00bboff\u00bb use_custom_gutter=\u00bboff\u00bb custom_padding_tablet=\u00bb50px|0|50px|0&#8243; custom_padding_last_edited=\u00bbon|desktop\u00bb][et_pb_row admin_label=\u00bbrow\u00bb background_position=\u00bbtop_left\u00bb background_repeat=\u00bbrepeat\u00bb background_size=\u00bbinitial\u00bb][et_pb_column type=\u00bb1_3&#8243;][\/et_pb_column][et_pb_column type=\u00bb2_3&#8243;][et_pb_text background_layout=\u00bbdark\u00bb text_orientation=\u00bbright\u00bb use_border_color=\u00bboff\u00bb background_position=\u00bbtop_left\u00bb background_repeat=\u00bbrepeat\u00bb background_size=\u00bbinitial\u00bb module_alignment=\u00bbcenter\u00bb _builder_version=\u00bb3.0.105&#8243; text_font_size=\u00bb14px\u00bb text_line_height=\u00bb1.5em\u00bb]<\/p>\n<p style=\"text-align: right;\">Cu\u00e1ndo el sol sonroja mi cara<\/p>\n<p style=\"text-align: right;\">Mis ojos debo entornar<\/p>\n<p style=\"text-align: right;\">No vaya a ser que una lagrimita<\/p>\n<p style=\"text-align: right;\">Su luz haga asomar.<\/p>\n<p>[\/et_pb_text][\/et_pb_column][\/et_pb_row][et_pb_row admin_label=\u00bbrow\u00bb background_position=\u00bbtop_left\u00bb background_repeat=\u00bbrepeat\u00bb background_size=\u00bbinitial\u00bb][et_pb_column type=\u00bb1_4&#8243;][\/et_pb_column][et_pb_column type=\u00bb1_2&#8243;][et_pb_video _builder_version=\u00bb3.0.105&#8243; src=\u00bbhttps:\/\/youtu.be\/Xy6HVPTnuZY\u00bb \/][\/et_pb_column][et_pb_column type=\u00bb1_4&#8243;][\/et_pb_column][\/et_pb_row][et_pb_row background_position=\u00bbtop_left\u00bb background_repeat=\u00bbrepeat\u00bb background_size=\u00bbinitial\u00bb][et_pb_column type=\u00bb4_4&#8243;][et_pb_toggle admin_label=\u00bb1. ELEMENTOS B\u00c1SICOS DE ORIENTACI\u00d3N\u00bb title=\u00bb1. ELEMENTOS B\u00c1SICOS DE ORIENTACI\u00d3N\u00bb open=\u00bboff\u00bb use_border_color=\u00bboff\u00bb title_font_size=\u00bb30&#8243; background_position=\u00bbtop_left\u00bb background_repeat=\u00bbrepeat\u00bb background_size=\u00bbinitial\u00bb _builder_version=\u00bb3.0.105&#8243; text_orientation=\u00bbjustified\u00bb body_line_height=\u00bb1.5em\u00bb]<\/p>\n<p><strong>T\u00edtulo<\/strong>: CANCIONES PARA REIRSE DEL INVIERNO<\/p>\n<p><strong>G\u00e9nero<\/strong>: Infantil<\/p>\n<p><strong>Autor<\/strong>: Borde Verde<\/p>\n<p><strong>Direcci\u00f3n<\/strong>: Borde Verde<\/p>\n<p><strong>Compa\u00f1\u00eda<\/strong>: Borde Verde<\/p>\n<p><strong>Sinopsis<\/strong>:<\/p>\n<p class=\"p2\">Borde Verde es un grupo de m\u00fasica para chicos y no tan chicos formado a mediados de 2012.<\/p>\n<p class=\"p2\">Sus integrantes, Cecilia Rodr\u00edguez Planes, Margarita Rodr\u00edguez Planes y Gabriel Estarque, se dedican a la m\u00fasica desde diferentes especialidades: direcci\u00f3n coral, guitarra, flauta traversa, percusi\u00f3n, grabaci\u00f3n y producci\u00f3n musical.<\/p>\n<p class=\"p2\">Son egresados y\/o estudiantes de diversas instituciones tales como UNA, Universidad Nacional de La Plata, UBA y Conservatorio de M\u00fasica Alberto Ginastera. (Tambi\u00e9n se acercan al \u00e1mbito art\u00edstico a trav\u00e9s de otras actividades tales como clown, variet\u00e9, canto y fotograf\u00eda.)<\/p>\n<p class=\"p2\">Las canciones y arreglos, creados \u00edntegramente por Borde verde, invitan a jugar y a cantar. Los instrumentos musicales utilizados en el transcurso del espect\u00e1culo (flauta traversa, guitarra, charango y percusi\u00f3n), no siempre son accionados de la manera convencional. Tambi\u00e9n utilizan otros fabricados con material de descarte. La exploraci\u00f3n y el juego con los sonidos son protagonistas durante el show.<\/p>\n<p class=\"p2\">El objetivo principal es hacer espect\u00e1culos de alta calidad musical, accesibles a todo tipo de p\u00fablico; generar propuestas interesantes y divertidas, que contengan riqueza musical dentro de su instrumentaci\u00f3n y juegos entre las voces, con variedad de ritmos y climas, en una b\u00fasqueda constante de lograr la atenci\u00f3n y participaci\u00f3n tanto del p\u00fablico infantil como de los adultos que acompa\u00f1an.<\/p>\n<p class=\"p2\">Borde verde realiz\u00f3 presentaciones en distintos escenarios: Casa Nacional del Bicentenario,Auditorio Municipal de Lan\u00fas, Municipio de Mor\u00f3n, Universidad Nacional de Tres de Febrero,Auditorio de la Asociaci\u00f3n Bancaria \u201cMalvinas Argentinas\u201d, Ministerio de Justicia y DerechosHumanos de La Plata, Tecn\u00f3polis, Auditorium de la Casa de la Cultura de Villa Gesell, ECUNHI, Sala de C\u00e1mara y Sala Auditorio de La Usina del Arte, Sala Argentina del CCK entre otros tantos espacios. Particip\u00f3 como miembro organizador y activo del 13\u00b0 Encuentro de la Canci\u00f3n infantil Latinoamericana y Caribe\u00f1a 2017. Tambi\u00e9n as\u00ed en las tres ediciones del encuentro nacional de M\u00fasica y Educaci\u00f3n del MOMUSI (2016,2017 y 2018). Tambi\u00e9n realiz\u00f3 giras por la Costa Atl\u00e1ntica Argentina, Concordia <span class=\"s2\">(<\/span>Entre R\u00edos), Rosario (Santa Fe), Comodoro Rivadavia y Rada Tilly (Chubut), Bah\u00eda Blanca (Buenos Aires).En el mes de Junio de 2018 present\u00f3 su segundo disco \u00a8Canciones para re\u00edrse del invierno\u00a8 en la Sala Auditorio de la Usina del Arte, CABA.<\/p>\n<p><strong>Publico Sugerido<\/strong>: Educaci\u00f3n inicial y Educaci\u00f3n Primaria.<\/p>\n<p>[\/et_pb_toggle][et_pb_toggle admin_label=\u00bb2. MATERIAL SUGERIDO PARA EL TRABAJO PREVIO A LA VISITA\u00bb title=\u00bb2. MATERIAL SUGERIDO PARA EL TRABAJO PREVIO A LA FUNCI\u00d3N\u00bb open=\u00bboff\u00bb use_border_color=\u00bboff\u00bb title_font_size=\u00bb30&#8243; background_position=\u00bbtop_left\u00bb background_repeat=\u00bbrepeat\u00bb background_size=\u00bbinitial\u00bb _builder_version=\u00bb3.0.105&#8243; text_orientation=\u00bbjustified\u00bb body_line_height=\u00bb1.5em\u00bb]<\/p>\n<p><strong>COPLITAS DE INVIERNO<\/strong><\/p>\n<p>Escuchar COPLITAS DE INVIERNO e investigamos sobre las coplas del noroeste argentino. (Podemos asistir a un fragmento de \u201cTradiciones del Noroeste Argentino: La caja y la copla\u201d y comentar).<\/p>\n<p>Escuchar nuevamente la canci\u00f3n y ahora prestar atenci\u00f3n en las voces \u00bfcu\u00e1ndo escuchamos solo una voz? \u00bfcu\u00e1ndo m\u00e1s voces? \u00bfTodas cantan exactamente lo mismo?<\/p>\n<p>\u00bfQu\u00e9 instrumento escuchamos en la primera parte de la canci\u00f3n? Imitamos su golpe. \u00bfQu\u00e9 instrumentos se acoplan despu\u00e9s?<\/p>\n<p style=\"padding-left: 30px;\">\u201cDe d\u00eda o de noche<\/p>\n<p style=\"padding-left: 30px;\">con lluvia o con sol<\/p>\n<p style=\"padding-left: 30px;\">para re\u00edrme del fr\u00edo<\/p>\n<p style=\"padding-left: 30px;\">siempre cantando voy\u201d<\/p>\n<p>\u00bfNos animamos a crear coplas que rimen?<\/p>\n<p><strong>PARA RE\u00cdRNOS DEL INVIERNO<\/strong><\/p>\n<p>Escuchamos la canci\u00f3n PARA RE\u00cdRNOS DEL INVIERNO.<\/p>\n<p style=\"padding-left: 30px;\">Para re\u00edrnos del invierno<\/p>\n<p style=\"padding-left: 30px;\">Necesitamos todas las manos<\/p>\n<p style=\"padding-left: 30px;\">Manos de todos los tama\u00f1os<\/p>\n<p style=\"padding-left: 30px;\">Y si aplauden muy fuerte mejor<\/p>\n<p>\u00bfC\u00f3mo es el golpe con el debemos aplaudir? \u00bfDe donde viene el candombe?<\/p>\n<p><strong>CANCI\u00d3N PARA BA\u00d1AR LA LUNA<\/strong><\/p>\n<p>Trabajamos la CANCI\u00d3N PARA BA\u00d1AR LA LUNA de Mar\u00eda Elena Walsh, interpretada por Borde Verde.<\/p>\n<p style=\"padding-left: 30px;\">Ya la luna baja en camis\u00f3n<\/p>\n<p style=\"padding-left: 30px;\">A ba\u00f1arse en un charquito de jab\u00f3n<\/p>\n<p style=\"padding-left: 30px;\">Ya la luna baja en tobog\u00e1n<\/p>\n<p style=\"padding-left: 30px;\">Revoleando su sombrilla de azafr\u00e1n<\/p>\n<p style=\"padding-left: 30px;\">Quien la pesque con su ca\u00f1ita de bamb\u00fa<\/p>\n<p style=\"padding-left: 30px;\">Se la lleva a Siu Kiu<\/p>\n<p style=\"padding-left: 30px;\">\n<p style=\"padding-left: 30px;\">Ya la luna viene en palanqu\u00edn<\/p>\n<p style=\"padding-left: 30px;\">A robar un crisantemo del jard\u00edn<\/p>\n<p style=\"padding-left: 30px;\">Ya la luna viene por all\u00ed<\/p>\n<p style=\"padding-left: 30px;\">Su kimono dice no, no y ella si<\/p>\n<p style=\"padding-left: 30px;\">Quien la pesque con su ca\u00f1ita de bamb\u00fa<\/p>\n<p style=\"padding-left: 30px;\">Se la lleva a Siu Kiu<\/p>\n<p style=\"padding-left: 30px;\">\n<p style=\"padding-left: 30px;\">Ya la luna baja muy feliz<\/p>\n<p style=\"padding-left: 30px;\">A empolvarse con az\u00facar la nariz<\/p>\n<p style=\"padding-left: 30px;\">Ya la luna en puntas de pie<\/p>\n<p style=\"padding-left: 30px;\">En una tacita china toma el t\u00e9<\/p>\n<p style=\"padding-left: 30px;\">Quien la pesque con su ca\u00f1ita de bamb\u00fa<\/p>\n<p style=\"padding-left: 30px;\">Se la lleva a Siu Kiu<\/p>\n<p style=\"padding-left: 30px;\">\n<p style=\"padding-left: 30px;\">Ya la luna vino y le dio tos<\/p>\n<p style=\"padding-left: 30px;\">Por comer con dos palitos el arroz<\/p>\n<p style=\"padding-left: 30px;\">Ya la luna baja desde all\u00e1<\/p>\n<p style=\"padding-left: 30px;\">Y por el charquito-quito nadar\u00e1<\/p>\n<p style=\"padding-left: 30px;\">Quien la pesque con su ca\u00f1ita de bamb\u00fa<\/p>\n<p style=\"padding-left: 30px;\">Se la lleva a Siu Kiu<\/p>\n<p>Buscamos informaci\u00f3n sobre Siu Kiu, la ciudad de los sue\u00f1os. Elegimos una estrofa nos imaginamos la luna y la dibujamos.<\/p>\n<p>[\/et_pb_toggle][et_pb_toggle admin_label=\u00bb3. ACTIVIDADES SUGERIDAS PARA DESPU\u00c9S DE LA VISITA\u00bb title=\u00bb3. ACTIVIDADES SUGERIDAS PARA DESPU\u00c9S DE LA FUNCI\u00d3N\u00bb open=\u00bboff\u00bb use_border_color=\u00bboff\u00bb title_font_size=\u00bb30&#8243; background_position=\u00bbtop_left\u00bb background_repeat=\u00bbrepeat\u00bb background_size=\u00bbinitial\u00bb _builder_version=\u00bb3.0.105&#8243; text_orientation=\u00bbjustified\u00bb body_line_height=\u00bb1.5em\u00bb]<\/p>\n<p><strong>LOS TRABALENGUAS<\/strong><\/p>\n<p>Escuchar los GRIFI\u00d1AFITOS.<\/p>\n<p>\u00bfSabemos que son los trabalenguas? \u00bfPodemos aprender la letra de la canci\u00f3n?<\/p>\n<p><strong>LOS JUEGOS<\/strong><\/p>\n<p>Escuchar SALSA ESCONDIDA<\/p>\n<p>\u00bfSabemos jugar a las escondidas? \u00bfC\u00f3mo se juega?<\/p>\n<p>Para sirven las reglas en los juegos \u00bfDiversi\u00f3n o competencia? La importancia del equipo.<\/p>\n<p>Hacer un resumen de los juegos populares que conocemos. Elegir uno de ellos y hacer una l\u00e1mina con un resumen de sus reglas. Debatir en el grupo y confeccionar nuevas reglas para el mismo juego (por ejemplo: en la rayuela, la piedra debe tirarse bailando, o para atr\u00e1s, o con los ojos cerrados).<\/p>\n<p>Las nuevas reglas deben obedecer a una consigna: no deben ser reglas para la competencia. No debe haber ganadores ni perdedores en los juegos, cuando aplicado el nuevo reglamento.<\/p>\n<p>Organizar una marat\u00f3n de juegos populares en el patio aplicando las reglas dise\u00f1adas por los grupos.<\/p>\n<p><strong>ACTIVIDAD: JUEGOS POPULARES EN EL MUNDO<\/strong><\/p>\n<p>(Extra\u00eddo de http:\/\/tradipopulares.blogspot.com.ar)<\/p>\n<p>Investigar juegos populares en el mundo. Comentar los siguientes ejemplos. Identificar en el mapa los lugares.<\/p>\n<p><strong>LA TXILA<\/strong><\/p>\n<p>Este juego, practicado en Argelia, requiere balones blandos (de gomaespuma, por ejemplo).\u00a0Se hacen dos grupos de igual n\u00famero de\u00a0jugadores. El equipo A se\u00a0agrupa en parejas y tienen que lanzar una\u00a0pelota a los jugadores del equipo B, sin\u00a0soltarse de las manos. Los que van siendo\u00a0alcanzados por la pelota, se eliminan. En\u00a0el momento que todos los jugadores han\u00a0sido tocados, se intercambian los roles.<\/p>\n<p><img loading=\"lazy\" class=\"size-medium wp-image-1028 aligncenter\" src=\"https:\/\/www.lacasaclaypole.org.ar\/primerafuncion\/wp-content\/uploads\/2018\/03\/imagen-1-300x246.png\" alt=\"\" width=\"300\" height=\"246\" srcset=\"https:\/\/www.lacasaclaypole.org.ar\/primerafuncion\/wp-content\/uploads\/2018\/03\/imagen-1-300x246.png 300w, https:\/\/www.lacasaclaypole.org.ar\/primerafuncion\/wp-content\/uploads\/2018\/03\/imagen-1.png 350w\" sizes=\"(max-width: 300px) 100vw, 300px\" \/><\/p>\n<p><strong>TRI<\/strong><\/p>\n<p>Juego alban\u00e9s cuya denominaci\u00f3n significa Tres y que para poder practicarlo nos es necesaria cinta adhesiva o tiza.\u00a0Se delimita un espacio a modo de isla y se\u00a0elige a tres \u201cvigilantes\u201d. El gran grupo corre\u00a0libremente por el espacio acotado, intentando\u00a0no ser cogidos. Si los perseguidores les\u00a0atrapan, ir\u00e1n a la isla. Solamente podr\u00e1n ser\u00a0salvados por el \u00faltimo jugador que quede sin\u00a0coger. De ser as\u00ed, comienza el juego con los\u00a0mismos perseguidores. Si los tres vigilantes\u00a0consiguen atrapar a todo el grupo, en la\u00a0pr\u00f3xima partida los tres primeros que fueron\u00a0capturados har\u00e1n el papel de perseguidores.<\/p>\n<p><img loading=\"lazy\" class=\"size-medium wp-image-1039 aligncenter\" src=\"https:\/\/www.lacasaclaypole.org.ar\/primerafuncion\/wp-content\/uploads\/2018\/03\/imagen-2-1-300x246.png\" alt=\"\" width=\"300\" height=\"246\" srcset=\"https:\/\/www.lacasaclaypole.org.ar\/primerafuncion\/wp-content\/uploads\/2018\/03\/imagen-2-1-300x246.png 300w, https:\/\/www.lacasaclaypole.org.ar\/primerafuncion\/wp-content\/uploads\/2018\/03\/imagen-2-1.png 358w\" sizes=\"(max-width: 300px) 100vw, 300px\" \/><\/p>\n<p><strong>EL ZORRO Y LA GALLINA<\/strong><\/p>\n<p>Juego practicado en Turqu\u00eda por el que los participantes eligen a un jugador que hace de zorro y marcan\u00a0un cuadrado que servir\u00e1 de guarida. Otro jugador\u00a0ser\u00e1 la gallina, y el resto del grupo, los polluelos\u00a0que se coger\u00e1n a la gallina por los hombros. El\u00a0zorro se acerca a la gallina y pregunta el nombre\u00a0del \u00faltimo de la fila, y la gallina lo rechaza. \u00c9sta\u00a0intenta evitar que el zorro coja al \u00faltimo polluelo.\u00a0Cuando esto ocurre, lo lleva a su guarida y vuelve\u00a0para capturar al polluelo siguiente. Mientras\u00a0tanto, la gallina puede salvar a los polluelos\u00a0capturados, pasando por la guarida y toc\u00e1ndolos.\u00a0Estos deben permanecer dentro de la madriguera\u00a0pero pueden estirar los brazos para facilitar el\u00a0trabajo a la gallina. Una vez que son salvados,\u00a0corren a unirse a la fila de los polluelos. El juego\u00a0termina cuando el zorro ha capturado a todos\u00a0los polluelos, o cuando la gallina tiene un solo\u00a0polluelo y los recupera a todos de una vez.<\/p>\n<p><img loading=\"lazy\" class=\"size-medium wp-image-1030 aligncenter\" src=\"https:\/\/www.lacasaclaypole.org.ar\/primerafuncion\/wp-content\/uploads\/2018\/03\/imagen-3-300x246.png\" alt=\"\" width=\"300\" height=\"246\" srcset=\"https:\/\/www.lacasaclaypole.org.ar\/primerafuncion\/wp-content\/uploads\/2018\/03\/imagen-3-300x246.png 300w, https:\/\/www.lacasaclaypole.org.ar\/primerafuncion\/wp-content\/uploads\/2018\/03\/imagen-3.png 389w\" sizes=\"(max-width: 300px) 100vw, 300px\" \/><\/p>\n<p><strong>SKOLA<\/strong><\/p>\n<p>Variante de nuestra Rayuela practicada en Bosnia. Se pintan ocho cuadrados en el suelo. Cada jugador utiliza una piedra\u00a0llamada\u00a0<em>plova<\/em>, como marcador. El juego son\u00a0ocho rondas. En la primera, el jugador lanza\u00a0su\u00a0<em>plova\u00a0<\/em>al cuadrado uno. Salta a pata coja,\u00a0toma la\u00a0<em>plova<\/em>, y contin\u00faa por el resto de los\u00a0cuadrados en orden, acabando en el cuadrado\u00a0ocho y saltando hacia fuera. En la ronda\u00a0siguiente, el jugador tira su\u00a0<em>plova\u00a0<\/em>al segundo\u00a0grado, salta por todos los cuadrados como\u00a0en la ronda anterior y as\u00ed hasta completar los\u00a0ocho cuadros. Se considera fallo cuando lanza\u00a0fuera la\u00a0<em>plova<\/em>, cuando pisa la l\u00ednea o cuando\u00a0pone ambos pies en el suelo. Cuando alguien\u00a0comete una falta, pierde su vuelta, pero puede\u00a0comenzar en el mismo nivel del grado donde se qued\u00f3.<\/p>\n<p><img loading=\"lazy\" class=\"size-medium wp-image-1031 aligncenter\" src=\"https:\/\/www.lacasaclaypole.org.ar\/primerafuncion\/wp-content\/uploads\/2018\/03\/imagen-4-300x246.png\" alt=\"\" width=\"300\" height=\"246\" srcset=\"https:\/\/www.lacasaclaypole.org.ar\/primerafuncion\/wp-content\/uploads\/2018\/03\/imagen-4-300x246.png 300w, https:\/\/www.lacasaclaypole.org.ar\/primerafuncion\/wp-content\/uploads\/2018\/03\/imagen-4.png 346w\" sizes=\"(max-width: 300px) 100vw, 300px\" \/><\/p>\n<p><strong>ACTIVIDAD: LOS JUEGOS DE LOS ABUELOS<\/strong><\/p>\n<ul>\n<li>Debatir en el aula: \u00bfSaben con qu\u00e9 juguetes o a qu\u00e9 jugaban sus abuelos cuando eran peque\u00f1os como uds.?<\/li>\n<li>Comentar las siguientes fotograf\u00edas. Investigar como se juegan. Apuntar similitudes y deferencias con los juegos actuales.<\/li>\n<\/ul>\n<p><img loading=\"lazy\" class=\"size-medium wp-image-1032 aligncenter\" src=\"https:\/\/www.lacasaclaypole.org.ar\/primerafuncion\/wp-content\/uploads\/2018\/03\/imagen-5-282x300.png\" alt=\"\" width=\"282\" height=\"300\" srcset=\"https:\/\/www.lacasaclaypole.org.ar\/primerafuncion\/wp-content\/uploads\/2018\/03\/imagen-5-282x300.png 282w, https:\/\/www.lacasaclaypole.org.ar\/primerafuncion\/wp-content\/uploads\/2018\/03\/imagen-5.png 289w\" sizes=\"(max-width: 282px) 100vw, 282px\" \/><\/p>\n<p><img loading=\"lazy\" class=\"size-medium wp-image-1033 aligncenter\" src=\"https:\/\/www.lacasaclaypole.org.ar\/primerafuncion\/wp-content\/uploads\/2018\/03\/imagen-6-300x240.png\" alt=\"\" width=\"300\" height=\"240\" srcset=\"https:\/\/www.lacasaclaypole.org.ar\/primerafuncion\/wp-content\/uploads\/2018\/03\/imagen-6-300x240.png 300w, https:\/\/www.lacasaclaypole.org.ar\/primerafuncion\/wp-content\/uploads\/2018\/03\/imagen-6.png 393w\" sizes=\"(max-width: 300px) 100vw, 300px\" \/><\/p>\n<p><img loading=\"lazy\" class=\"size-medium wp-image-1034 aligncenter\" src=\"https:\/\/www.lacasaclaypole.org.ar\/primerafuncion\/wp-content\/uploads\/2018\/03\/imagen-7-300x240.png\" alt=\"\" width=\"300\" height=\"240\" srcset=\"https:\/\/www.lacasaclaypole.org.ar\/primerafuncion\/wp-content\/uploads\/2018\/03\/imagen-7-300x240.png 300w, https:\/\/www.lacasaclaypole.org.ar\/primerafuncion\/wp-content\/uploads\/2018\/03\/imagen-7.png 364w\" sizes=\"(max-width: 300px) 100vw, 300px\" \/><\/p>\n<p><img loading=\"lazy\" class=\"size-medium wp-image-1035 aligncenter\" src=\"https:\/\/www.lacasaclaypole.org.ar\/primerafuncion\/wp-content\/uploads\/2018\/03\/imagen-8-300x161.png\" alt=\"\" width=\"300\" height=\"161\" srcset=\"https:\/\/www.lacasaclaypole.org.ar\/primerafuncion\/wp-content\/uploads\/2018\/03\/imagen-8-300x161.png 300w, https:\/\/www.lacasaclaypole.org.ar\/primerafuncion\/wp-content\/uploads\/2018\/03\/imagen-8.png 320w\" sizes=\"(max-width: 300px) 100vw, 300px\" \/><\/p>\n<p><img loading=\"lazy\" class=\"size-medium wp-image-1036 aligncenter\" src=\"https:\/\/www.lacasaclaypole.org.ar\/primerafuncion\/wp-content\/uploads\/2018\/03\/imagen-9-300x225.png\" alt=\"\" width=\"300\" height=\"225\" srcset=\"https:\/\/www.lacasaclaypole.org.ar\/primerafuncion\/wp-content\/uploads\/2018\/03\/imagen-9-300x225.png 300w, https:\/\/www.lacasaclaypole.org.ar\/primerafuncion\/wp-content\/uploads\/2018\/03\/imagen-9.png 326w\" sizes=\"(max-width: 300px) 100vw, 300px\" \/><\/p>\n<p><img loading=\"lazy\" class=\"size-medium wp-image-1037 aligncenter\" src=\"https:\/\/www.lacasaclaypole.org.ar\/primerafuncion\/wp-content\/uploads\/2018\/03\/imagen-10-300x221.png\" alt=\"\" width=\"300\" height=\"221\" srcset=\"https:\/\/www.lacasaclaypole.org.ar\/primerafuncion\/wp-content\/uploads\/2018\/03\/imagen-10-300x221.png 300w, https:\/\/www.lacasaclaypole.org.ar\/primerafuncion\/wp-content\/uploads\/2018\/03\/imagen-10.png 340w\" sizes=\"(max-width: 300px) 100vw, 300px\" \/><\/p>\n<p><img loading=\"lazy\" class=\"size-medium wp-image-1038 aligncenter\" src=\"https:\/\/www.lacasaclaypole.org.ar\/primerafuncion\/wp-content\/uploads\/2018\/03\/imagen-11-234x300.png\" alt=\"\" width=\"234\" height=\"300\" srcset=\"https:\/\/www.lacasaclaypole.org.ar\/primerafuncion\/wp-content\/uploads\/2018\/03\/imagen-11-234x300.png 234w, https:\/\/www.lacasaclaypole.org.ar\/primerafuncion\/wp-content\/uploads\/2018\/03\/imagen-11.png 307w\" sizes=\"(max-width: 234px) 100vw, 234px\" \/><\/p>\n<p>[\/et_pb_toggle][et_pb_toggle admin_label=\u00bb4. MATERIAL DE APOYO PARA ALUMNOS, DOCENTES Y VECINOS \u00bb title=\u00bb4. MATERIAL DE APOYO PARA ALUMNOS Y DOCENTES\u00bb open=\u00bboff\u00bb use_border_color=\u00bboff\u00bb title_font_size=\u00bb30&#8243; _builder_version=\u00bb3.0.105&#8243;]<\/p>\n<p><strong>En Videoteca<\/strong><\/p>\n<p>BORDE VERDE: Canciones para reirse del Invierno<\/p>\n<p>BORDE VERDE: Tres Canciones<\/p>\n<p>Juegos de ayer, de hoy y de siempre<\/p>\n<p>[\/et_pb_toggle][\/et_pb_column][\/et_pb_row][\/et_pb_section]<\/p>\n","protected":false},"excerpt":{"rendered":"<p>[et_pb_section bb_built=\u00bb1&#8243; admin_label=\u00bbsection\u00bb transparent_background=\u00bboff\u00bb background_color=\u00bb#383838&#8243; allow_player_pause=\u00bboff\u00bb inner_shadow=\u00bboff\u00bb parallax=\u00bboff\u00bb parallax_method=\u00bboff\u00bb padding_mobile=\u00bboff\u00bb make_fullwidth=\u00bboff\u00bb use_custom_width=\u00bboff\u00bb width_unit=\u00bbon\u00bb make_equal=\u00bboff\u00bb use_custom_gutter=\u00bboff\u00bb custom_padding_tablet=\u00bb50px|0|50px|0&#8243; custom_padding_last_edited=\u00bbon|desktop\u00bb][et_pb_row admin_label=\u00bbrow\u00bb background_position=\u00bbtop_left\u00bb background_repeat=\u00bbrepeat\u00bb background_size=\u00bbinitial\u00bb][et_pb_column type=\u00bb1_3&#8243;][\/et_pb_column][et_pb_column type=\u00bb2_3&#8243;][et_pb_text background_layout=\u00bbdark\u00bb text_orientation=\u00bbright\u00bb use_border_color=\u00bboff\u00bb background_position=\u00bbtop_left\u00bb background_repeat=\u00bbrepeat\u00bb background_size=\u00bbinitial\u00bb module_alignment=\u00bbcenter\u00bb _builder_version=\u00bb3.0.105&#8243; text_font_size=\u00bb14px\u00bb text_line_height=\u00bb1.5em\u00bb] Cu\u00e1ndo el sol sonroja mi cara Mis ojos debo entornar No vaya a ser que una lagrimita Su luz haga asomar. [\/et_pb_text][\/et_pb_column][\/et_pb_row][et_pb_row [&hellip;]<\/p>\n","protected":false},"author":2,"featured_media":0,"parent":0,"menu_order":0,"comment_status":"closed","ping_status":"closed","template":"","meta":[],"_links":{"self":[{"href":"https:\/\/www.lacasaclaypole.org.ar\/primerafuncion\/wp-json\/wp\/v2\/pages\/1200"}],"collection":[{"href":"https:\/\/www.lacasaclaypole.org.ar\/primerafuncion\/wp-json\/wp\/v2\/pages"}],"about":[{"href":"https:\/\/www.lacasaclaypole.org.ar\/primerafuncion\/wp-json\/wp\/v2\/types\/page"}],"author":[{"embeddable":true,"href":"https:\/\/www.lacasaclaypole.org.ar\/primerafuncion\/wp-json\/wp\/v2\/users\/2"}],"replies":[{"embeddable":true,"href":"https:\/\/www.lacasaclaypole.org.ar\/primerafuncion\/wp-json\/wp\/v2\/comments?post=1200"}],"version-history":[{"count":1,"href":"https:\/\/www.lacasaclaypole.org.ar\/primerafuncion\/wp-json\/wp\/v2\/pages\/1200\/revisions"}],"predecessor-version":[{"id":1201,"href":"https:\/\/www.lacasaclaypole.org.ar\/primerafuncion\/wp-json\/wp\/v2\/pages\/1200\/revisions\/1201"}],"wp:attachment":[{"href":"https:\/\/www.lacasaclaypole.org.ar\/primerafuncion\/wp-json\/wp\/v2\/media?parent=1200"}],"curies":[{"name":"wp","href":"https:\/\/api.w.org\/{rel}","templated":true}]}}