{"id":39,"date":"2016-07-26T15:03:09","date_gmt":"2016-07-26T15:03:09","guid":{"rendered":"http:\/\/www.hecultura.com\/fecic\/?page_id=39"},"modified":"2025-11-11T02:08:21","modified_gmt":"2025-11-11T02:08:21","slug":"festival","status":"publish","type":"page","link":"https:\/\/www.lacasaclaypole.org.ar\/fecic\/festival\/","title":{"rendered":"El Festival"},"content":{"rendered":"<p>[et_pb_section fb_built=\u00bb1&#8243; fullwidth=\u00bbon\u00bb custom_padding_last_edited=\u00bbon|desktop\u00bb admin_label=\u00bbSecci\u00f3n\u00bb _builder_version=\u00bb3.22&#8243; background_color=\u00bb#ffffff\u00bb custom_padding_tablet=\u00bb50px|0|50px|0&#8243; custom_padding_phone=\u00bb\u00bb transparent_background=\u00bboff\u00bb padding_mobile=\u00bboff\u00bb make_fullwidth=\u00bboff\u00bb use_custom_width=\u00bboff\u00bb width_unit=\u00bbon\u00bb global_colors_info=\u00bb{}\u00bb][et_pb_fullwidth_header title=\u00bbEl FECIC\u00bb subhead=\u00bbFESTIVAL DE CINE INDEPENDIENTE DE CLAYPOLE XI EDICI\u00d3N\u00bb background_overlay_color=\u00bbrgba(0,0,0,0)\u00bb content_max_width=\u00bbnone\u00bb admin_label=\u00bbT\u00edtulo de anchura completa\u00bb _builder_version=\u00bb4.10.4&#8243; background_color=\u00bbrgba(255,255,255,0)\u00bb background_image=\u00bbhttps:\/\/www.lacasaclaypole.org.ar\/fecic\/wp-content\/uploads\/2025\/08\/banner-solapas.jpg\u00bb custom_margin=\u00bb||-16px|||\u00bb custom_padding=\u00bb133px||50px|||\u00bb background_url=\u00bbhttps:\/\/www.lacasaclaypole.org.ar\/fecic\/wp-content\/uploads\/2021\/08\/BANNER-PEQUEN\u0303O.jpg\u00bb button_one_letter_spacing_hover=\u00bb0&#8243; button_two_letter_spacing_hover=\u00bb0&#8243; global_colors_info=\u00bb{}\u00bb button_one_text_size__hover_enabled=\u00bboff\u00bb button_two_text_size__hover_enabled=\u00bboff\u00bb button_one_text_color__hover_enabled=\u00bboff\u00bb button_two_text_color__hover_enabled=\u00bboff\u00bb button_one_border_width__hover_enabled=\u00bboff\u00bb button_two_border_width__hover_enabled=\u00bboff\u00bb button_one_border_color__hover_enabled=\u00bboff\u00bb button_two_border_color__hover_enabled=\u00bboff\u00bb button_one_border_radius__hover_enabled=\u00bboff\u00bb button_two_border_radius__hover_enabled=\u00bboff\u00bb button_one_letter_spacing__hover_enabled=\u00bbon\u00bb button_one_letter_spacing__hover=\u00bb0&#8243; button_two_letter_spacing__hover_enabled=\u00bbon\u00bb button_two_letter_spacing__hover=\u00bb0&#8243; button_one_bg_color__hover_enabled=\u00bboff\u00bb button_two_bg_color__hover_enabled=\u00bboff\u00bb][\/et_pb_fullwidth_header][\/et_pb_section][et_pb_section fb_built=\u00bb1&#8243; custom_padding_last_edited=\u00bbon|desktop\u00bb admin_label=\u00bbsection\u00bb _builder_version=\u00bb4.10.4&#8243; background_color=\u00bb#eae5e5&#8243; min_height=\u00bb490.1px\u00bb custom_margin=\u00bb14px|||||\u00bb custom_padding=\u00bb6px||0px|||\u00bb custom_padding_tablet=\u00bb50px|0|50px|0&#8243; custom_padding_phone=\u00bb\u00bb transparent_background=\u00bboff\u00bb padding_mobile=\u00bboff\u00bb make_fullwidth=\u00bboff\u00bb use_custom_width=\u00bboff\u00bb width_unit=\u00bbon\u00bb global_colors_info=\u00bb{}\u00bb][et_pb_row admin_label=\u00bbrow\u00bb _builder_version=\u00bb4.10.4&#8243; background_color=\u00bb#eae5e5&#8243; background_size=\u00bbinitial\u00bb background_position=\u00bbtop_left\u00bb background_repeat=\u00bbrepeat\u00bb min_height=\u00bb488.4px\u00bb custom_padding=\u00bb111px|||||\u00bb global_colors_info=\u00bb{}\u00bb][et_pb_column type=\u00bb4_4&#8243; _builder_version=\u00bb3.25&#8243; custom_padding=\u00bb|||\u00bb global_colors_info=\u00bb{}\u00bb custom_padding__hover=\u00bb|||\u00bb][et_pb_text admin_label=\u00bbTexto\u00bb _builder_version=\u00bb4.10.4&#8243; text_font=\u00bb||||||||\u00bb text_text_color=\u00bb#666666&#8243; header_font=\u00bb||||||||\u00bb background_size=\u00bbinitial\u00bb background_position=\u00bbtop_left\u00bb background_repeat=\u00bbrepeat\u00bb min_height=\u00bb392.4px\u00bb custom_margin=\u00bb-76px|||||\u00bb custom_padding=\u00bb0px|||||\u00bb use_border_color=\u00bboff\u00bb border_color=\u00bb#ffffff\u00bb border_style=\u00bbsolid\u00bb global_colors_info=\u00bb{}\u00bb]<\/p>\n<h1 style=\"text-align: left;\">EL FESTIVAL<\/h1>\n<p style=\"text-align: left;\">El FECIC Festival de Cine Independiente de Claypole es creado y organizado por el Grupo de Cine Comunitario del Espacio de Debate &amp; Cultura LA CASA\u00a0 con el objetivo de divulgar y reconocer el esfuerzo, el talento y la creatividad de realizadores cinematogr\u00e1ficos que no tienen lugar en la mayor\u00eda de los medios masivos de difusi\u00f3n, as\u00ed como tambi\u00e9n difundir las obras cinematogr\u00e1ficas que contribuyan al enriquecimiento y construcci\u00f3n de nuestra identidad cultural.<br \/>El Festival se propone en \u00faltima instancia desenvolver la sensibilidad y trabajar las herramientas para la selecci\u00f3n y el consumo cr\u00edtico de los bienes culturales en el contexto de nuestro barrio, buscando la formaci\u00f3n de un p\u00fablico cinematogr\u00e1fico nuevo, mediante la oferta de propuestas est\u00e9ticas alternativas a las comercialmente disponibles.<\/p>\n<p>&nbsp;<\/p>\n<p style=\"text-align: left;\">\u00a0 \u00a0 \u00a0 \u00a0 \u00a0 \u00a0 \u00a0 \u00a0 \u00a0 \u00a0 \u00a0 \u00a0 \u00a0 \u00a0 \u00a0 \u00a0 \u00a0 \u00a0 \u00a0 \u00a0 \u00a0 \u00a0 \u00a0 \u00a0 \u00a0 \u00a0 \u00a0 \u00a0 \u00a0 \u00a0 \u00a0 \u00a0 \u00a0 \u00a0 \u00a0 \u00a0 \u00a0 \u00a0 \u00a0 \u00a0 \u00a0 \u00a0 \u00a0 \u00a0 <img loading=\"lazy\" class=\"wp-image-892 aligncenter\" src=\"https:\/\/www.lacasaclaypole.org.ar\/fecic\/wp-content\/uploads\/2021\/08\/ISOLOGO-LA-CASA-700x1024.png\" alt=\"\" width=\"78\" height=\"122\" \/><\/p>\n<p>[\/et_pb_text][\/et_pb_column][\/et_pb_row][\/et_pb_section]<\/p>\n","protected":false},"excerpt":{"rendered":"<p>EL FESTIVAL El FECIC Festival de Cine Independiente de Claypole es creado y organizado por el Grupo de Cine Comunitario del Espacio de Debate &amp; Cultura LA CASA\u00a0 con el objetivo de divulgar y reconocer el esfuerzo, el talento y la creatividad de realizadores cinematogr\u00e1ficos que no tienen lugar en la mayor\u00eda de los medios [&hellip;]<\/p>\n","protected":false},"author":1,"featured_media":0,"parent":0,"menu_order":0,"comment_status":"closed","ping_status":"closed","template":"","meta":{"_et_pb_use_builder":"on","_et_pb_old_content":"","_et_gb_content_width":""},"_links":{"self":[{"href":"https:\/\/www.lacasaclaypole.org.ar\/fecic\/wp-json\/wp\/v2\/pages\/39"}],"collection":[{"href":"https:\/\/www.lacasaclaypole.org.ar\/fecic\/wp-json\/wp\/v2\/pages"}],"about":[{"href":"https:\/\/www.lacasaclaypole.org.ar\/fecic\/wp-json\/wp\/v2\/types\/page"}],"author":[{"embeddable":true,"href":"https:\/\/www.lacasaclaypole.org.ar\/fecic\/wp-json\/wp\/v2\/users\/1"}],"replies":[{"embeddable":true,"href":"https:\/\/www.lacasaclaypole.org.ar\/fecic\/wp-json\/wp\/v2\/comments?post=39"}],"version-history":[{"count":92,"href":"https:\/\/www.lacasaclaypole.org.ar\/fecic\/wp-json\/wp\/v2\/pages\/39\/revisions"}],"predecessor-version":[{"id":2057,"href":"https:\/\/www.lacasaclaypole.org.ar\/fecic\/wp-json\/wp\/v2\/pages\/39\/revisions\/2057"}],"wp:attachment":[{"href":"https:\/\/www.lacasaclaypole.org.ar\/fecic\/wp-json\/wp\/v2\/media?parent=39"}],"curies":[{"name":"wp","href":"https:\/\/api.w.org\/{rel}","templated":true}]}}